{"id":21,"date":"2017-09-06T11:14:51","date_gmt":"2017-09-06T09:14:51","guid":{"rendered":"https:\/\/initiativespedagogiquesmsa.wordpress.com\/?page_id=21"},"modified":"2017-10-23T14:15:15","modified_gmt":"2017-10-23T12:15:15","slug":"nos-temoignages","status":"publish","type":"page","link":"https:\/\/www.supagro.fr\/wordpress\/initiativespedagogiques\/nos-temoignages\/","title":{"rendered":"T\u00e9moignages"},"content":{"rendered":"<p style=\"text-align: justify\">\u00a0Dans cet espace vous pourrez trouver :<\/p>\n<ul>\n<li><a href=\"http:\/\/www.supagro.fr\/wordpress\/initiativespedagogiques\/articles-recents\/\">Les derniers t\u00e9moignages publi\u00e9s<\/a><\/li>\n<li><a href=\"http:\/\/www.supagro.fr\/wordpress\/initiativespedagogiques\/categories\/\">Les t\u00e9moignages organis\u00e9s par cat\u00e9gorie<\/a><\/li>\n<\/ul>\n<p>Vous pouvez commenter chaque t\u00e9moignage gr\u00e2ce \u00e0 la zone d\u00e9di\u00e9e, se trouvant \u00e0 la fin de l&rsquo;article.<\/p>\n","protected":false},"excerpt":{"rendered":"<p>\u00a0Dans cet espace vous pourrez trouver : Les derniers t\u00e9moignages publi\u00e9s Les t\u00e9moignages organis\u00e9s par cat\u00e9gorie Vous pouvez commenter chaque t\u00e9moignage gr\u00e2ce \u00e0 la zone d\u00e9di\u00e9e, se trouvant \u00e0 la fin de l&rsquo;article.<\/p>\n","protected":false},"author":154,"featured_media":0,"parent":0,"menu_order":0,"comment_status":"open","ping_status":"closed","template":"","meta":{"_exactmetrics_skip_tracking":false,"_exactmetrics_sitenote_active":false,"_exactmetrics_sitenote_note":"","_exactmetrics_sitenote_category":0,"footnotes":""},"class_list":["post-21","page","type-page","status-publish","hentry"],"post_mailing_queue_ids":[],"_links":{"self":[{"href":"https:\/\/www.supagro.fr\/wordpress\/initiativespedagogiques\/wp-json\/wp\/v2\/pages\/21","targetHints":{"allow":["GET"]}}],"collection":[{"href":"https:\/\/www.supagro.fr\/wordpress\/initiativespedagogiques\/wp-json\/wp\/v2\/pages"}],"about":[{"href":"https:\/\/www.supagro.fr\/wordpress\/initiativespedagogiques\/wp-json\/wp\/v2\/types\/page"}],"author":[{"embeddable":true,"href":"https:\/\/www.supagro.fr\/wordpress\/initiativespedagogiques\/wp-json\/wp\/v2\/users\/154"}],"replies":[{"embeddable":true,"href":"https:\/\/www.supagro.fr\/wordpress\/initiativespedagogiques\/wp-json\/wp\/v2\/comments?post=21"}],"version-history":[{"count":5,"href":"https:\/\/www.supagro.fr\/wordpress\/initiativespedagogiques\/wp-json\/wp\/v2\/pages\/21\/revisions"}],"predecessor-version":[{"id":468,"href":"https:\/\/www.supagro.fr\/wordpress\/initiativespedagogiques\/wp-json\/wp\/v2\/pages\/21\/revisions\/468"}],"wp:attachment":[{"href":"https:\/\/www.supagro.fr\/wordpress\/initiativespedagogiques\/wp-json\/wp\/v2\/media?parent=21"}],"curies":[{"name":"wp","href":"https:\/\/api.w.org\/{rel}","templated":true}]}}