{"id":221,"date":"2017-10-05T14:10:41","date_gmt":"2017-10-05T12:10:41","guid":{"rendered":"http:\/\/www.supagro.fr\/wordpress\/initiativespedagogiques\/?page_id=221"},"modified":"2017-10-23T13:58:46","modified_gmt":"2017-10-23T11:58:46","slug":"outils-pedagogiques","status":"publish","type":"page","link":"https:\/\/www.supagro.fr\/wordpress\/initiativespedagogiques\/outils-pedagogiques\/","title":{"rendered":"Outils p\u00e9dagogiques"},"content":{"rendered":"<h5>\u00c0 propos :<\/h5>\n<ul>\n<li><a href=\"https:\/\/www.supagro.fr\/wordpress\/initiativespedagogiques\/category\/outileval\/\">De l\u2019\u00e9valuation<\/a><\/li>\n<li><a href=\"https:\/\/www.supagro.fr\/wordpress\/initiativespedagogiques\/category\/outildp\/\">De la d\u00e9marche de projet<\/a><\/li>\n<li><a href=\"https:\/\/www.supagro.fr\/wordpress\/initiativespedagogiques\/category\/outilnum\/\">De l\u2019utilisation des outils num\u00e9riques<\/a><\/li>\n<li><a href=\"https:\/\/www.supagro.fr\/wordpress\/initiativespedagogiques\/category\/outiljeux\/\">Des jeux de r\u00f4les \/ jeux s\u00e9rieux<\/a><\/li>\n<li><a href=\"https:\/\/www.supagro.fr\/wordpress\/initiativespedagogiques\/category\/outilcl\/\">De la classe invers\u00e9e<\/a><\/li>\n<li><a href=\"https:\/\/www.supagro.fr\/wordpress\/initiativespedagogiques\/category\/outilexp\/\">Des exp\u00e9rimentations\/observations scientifiques<\/a><\/li>\n<li><a href=\"https:\/\/www.supagro.fr\/wordpress\/initiativespedagogiques\/category\/outilautre\/\">D\u2019autres pratiques p\u00e9dagogiques<\/a><\/li>\n<\/ul>\n","protected":false},"excerpt":{"rendered":"<p>\u00c0 propos : De l\u2019\u00e9valuation De la d\u00e9marche de projet De l\u2019utilisation des outils num\u00e9riques Des jeux de r\u00f4les \/ jeux s\u00e9rieux De la classe invers\u00e9e Des exp\u00e9rimentations\/observations scientifiques D\u2019autres pratiques p\u00e9dagogiques<\/p>\n","protected":false},"author":154,"featured_media":0,"parent":0,"menu_order":0,"comment_status":"closed","ping_status":"closed","template":"","meta":{"_exactmetrics_skip_tracking":false,"_exactmetrics_sitenote_active":false,"_exactmetrics_sitenote_note":"","_exactmetrics_sitenote_category":0,"footnotes":""},"class_list":["post-221","page","type-page","status-publish","hentry"],"post_mailing_queue_ids":[],"_links":{"self":[{"href":"https:\/\/www.supagro.fr\/wordpress\/initiativespedagogiques\/wp-json\/wp\/v2\/pages\/221","targetHints":{"allow":["GET"]}}],"collection":[{"href":"https:\/\/www.supagro.fr\/wordpress\/initiativespedagogiques\/wp-json\/wp\/v2\/pages"}],"about":[{"href":"https:\/\/www.supagro.fr\/wordpress\/initiativespedagogiques\/wp-json\/wp\/v2\/types\/page"}],"author":[{"embeddable":true,"href":"https:\/\/www.supagro.fr\/wordpress\/initiativespedagogiques\/wp-json\/wp\/v2\/users\/154"}],"replies":[{"embeddable":true,"href":"https:\/\/www.supagro.fr\/wordpress\/initiativespedagogiques\/wp-json\/wp\/v2\/comments?post=221"}],"version-history":[{"count":6,"href":"https:\/\/www.supagro.fr\/wordpress\/initiativespedagogiques\/wp-json\/wp\/v2\/pages\/221\/revisions"}],"predecessor-version":[{"id":454,"href":"https:\/\/www.supagro.fr\/wordpress\/initiativespedagogiques\/wp-json\/wp\/v2\/pages\/221\/revisions\/454"}],"wp:attachment":[{"href":"https:\/\/www.supagro.fr\/wordpress\/initiativespedagogiques\/wp-json\/wp\/v2\/media?parent=221"}],"curies":[{"name":"wp","href":"https:\/\/api.w.org\/{rel}","templated":true}]}}