{"id":226,"date":"2017-10-05T14:12:21","date_gmt":"2017-10-05T12:12:21","guid":{"rendered":"http:\/\/www.supagro.fr\/wordpress\/initiativespedagogiques\/?page_id=226"},"modified":"2018-01-17T12:11:21","modified_gmt":"2018-01-17T11:11:21","slug":"ca-nous-interesse","status":"publish","type":"page","link":"https:\/\/www.supagro.fr\/wordpress\/initiativespedagogiques\/ca-nous-interesse\/","title":{"rendered":"\u00c7a nous int\u00e9resse&#8230;"},"content":{"rendered":"<p><strong>Voici un espace de veille collaborative et de d\u00e9p\u00f4ts de productions<\/strong><\/p>\n<p>Tous types de documents, ressources web etc, libres de droits et vous semblant pertinents sont les bienvenus.<\/p>\n<p>La zone de commentaire attach\u00e9e \u00e0 chaque document vous permettra d\u2019\u00e9changer \u00e0 ces propos.<\/p>\n<p>&nbsp;<\/p>\n<p>FORMULAIRE DE D\u00c9P\u00d4TS :<\/p>\n\n<div class=\"wpcf7 no-js\" id=\"wpcf7-f474-o1\" lang=\"fr-FR\" dir=\"ltr\" data-wpcf7-id=\"474\">\n<div class=\"screen-reader-response\"><p role=\"status\" aria-live=\"polite\" aria-atomic=\"true\"><\/p> <ul><\/ul><\/div>\n<form action=\"\/wordpress\/initiativespedagogiques\/wp-json\/wp\/v2\/pages\/226#wpcf7-f474-o1\" method=\"post\" class=\"wpcf7-form init\" aria-label=\"Formulaire de contact\" enctype=\"multipart\/form-data\" novalidate=\"novalidate\" data-status=\"init\">\n<fieldset class=\"hidden-fields-container\"><input type=\"hidden\" name=\"_wpcf7\" value=\"474\" \/><input type=\"hidden\" name=\"_wpcf7_version\" value=\"6.1.5\" \/><input type=\"hidden\" name=\"_wpcf7_locale\" value=\"fr_FR\" \/><input type=\"hidden\" name=\"_wpcf7_unit_tag\" value=\"wpcf7-f474-o1\" \/><input type=\"hidden\" name=\"_wpcf7_container_post\" value=\"0\" \/><input type=\"hidden\" name=\"_wpcf7_posted_data_hash\" value=\"\" \/>\n<\/fieldset>\n<p><label> Votre nom (obligatoire)<br \/>\n<span class=\"wpcf7-form-control-wrap\" data-name=\"your-name\"><input size=\"40\" maxlength=\"400\" class=\"wpcf7-form-control wpcf7-text wpcf7-validates-as-required\" aria-required=\"true\" aria-invalid=\"false\" value=\"\" type=\"text\" name=\"your-name\" \/><\/span> <\/label>\n<\/p>\n<p><label> Sujet<br \/>\n<span class=\"wpcf7-form-control-wrap\" data-name=\"your-subject\"><input size=\"40\" maxlength=\"400\" class=\"wpcf7-form-control wpcf7-text\" aria-invalid=\"false\" value=\"\" type=\"text\" name=\"your-subject\" \/><\/span> <\/label>\n<\/p>\n<p><label> Votre message<br \/>\n<span class=\"wpcf7-form-control-wrap\" data-name=\"your-message\"><textarea cols=\"40\" rows=\"10\" maxlength=\"2000\" class=\"wpcf7-form-control wpcf7-textarea\" aria-invalid=\"false\" name=\"your-message\"><\/textarea><\/span> <\/label>\n<\/p>\n<p><span class=\"wpcf7-form-control-wrap\" data-name=\"Fichier1\"><input size=\"40\" class=\"wpcf7-form-control wpcf7-file bar\" accept=\".pdf,.jpeg,.jpg,.png,.doc,.docx,.xlsid:foo\" aria-invalid=\"false\" type=\"file\" name=\"Fichier1\" \/><\/span><span class=\"wpcf7-form-control-wrap\" data-name=\"Fichier2\"><input size=\"40\" class=\"wpcf7-form-control wpcf7-file bar\" accept=\".pdf,.jpeg,.jpg,.png,.doc,.docx,.xlsid:foo\" aria-invalid=\"false\" type=\"file\" name=\"Fichier2\" \/><\/span><span class=\"wpcf7-form-control-wrap\" data-name=\"Fichier3\"><input size=\"40\" class=\"wpcf7-form-control wpcf7-file bar\" id=\"foo\" accept=\".pdf,.jpeg,.jpg,.png,.doc,.docx,.xls\" aria-invalid=\"false\" type=\"file\" name=\"Fichier3\" \/><\/span><span class=\"wpcf7-form-control-wrap\" data-name=\"Fichier4\"><input size=\"40\" class=\"wpcf7-form-control wpcf7-file bar\" accept=\".pdf,.jpeg,.jpg,.png,.doc,.docx,.xls\" aria-invalid=\"false\" type=\"file\" name=\"Fichier4\" \/><\/span>\n<\/p>\n<p>Liens internet :<br \/>\n<span class=\"wpcf7-form-control-wrap\" data-name=\"URL\"><input size=\"40\" maxlength=\"400\" class=\"wpcf7-form-control wpcf7-url wpcf7-text wpcf7-validates-as-url bar\" aria-invalid=\"false\" value=\"\" type=\"url\" name=\"URL\" \/><\/span><span class=\"wpcf7-form-control-wrap\" data-name=\"URL2\"><input size=\"40\" maxlength=\"400\" class=\"wpcf7-form-control wpcf7-url wpcf7-text wpcf7-validates-as-url bar\" aria-invalid=\"false\" value=\"\" type=\"url\" name=\"URL2\" \/><\/span>\n<\/p>\n<p><input class=\"wpcf7-form-control wpcf7-submit has-spinner\" type=\"submit\" value=\"Envoyer\" \/>\n<\/p><div class=\"wpcf7-response-output\" aria-hidden=\"true\"><\/div>\n<\/form>\n<\/div>\n\n","protected":false},"excerpt":{"rendered":"<p>Voici un espace de veille collaborative et de d\u00e9p\u00f4ts de productions Tous types de documents, ressources web etc, libres de droits et vous semblant pertinents sont les bienvenus. La zone de commentaire attach\u00e9e \u00e0 chaque document vous permettra d\u2019\u00e9changer \u00e0 ces propos. &nbsp; FORMULAIRE DE D\u00c9P\u00d4TS :<\/p>\n","protected":false},"author":154,"featured_media":0,"parent":0,"menu_order":0,"comment_status":"closed","ping_status":"closed","template":"","meta":{"_exactmetrics_skip_tracking":false,"_exactmetrics_sitenote_active":false,"_exactmetrics_sitenote_note":"","_exactmetrics_sitenote_category":0,"footnotes":""},"class_list":["post-226","page","type-page","status-publish","hentry"],"post_mailing_queue_ids":[],"_links":{"self":[{"href":"https:\/\/www.supagro.fr\/wordpress\/initiativespedagogiques\/wp-json\/wp\/v2\/pages\/226","targetHints":{"allow":["GET"]}}],"collection":[{"href":"https:\/\/www.supagro.fr\/wordpress\/initiativespedagogiques\/wp-json\/wp\/v2\/pages"}],"about":[{"href":"https:\/\/www.supagro.fr\/wordpress\/initiativespedagogiques\/wp-json\/wp\/v2\/types\/page"}],"author":[{"embeddable":true,"href":"https:\/\/www.supagro.fr\/wordpress\/initiativespedagogiques\/wp-json\/wp\/v2\/users\/154"}],"replies":[{"embeddable":true,"href":"https:\/\/www.supagro.fr\/wordpress\/initiativespedagogiques\/wp-json\/wp\/v2\/comments?post=226"}],"version-history":[{"count":5,"href":"https:\/\/www.supagro.fr\/wordpress\/initiativespedagogiques\/wp-json\/wp\/v2\/pages\/226\/revisions"}],"predecessor-version":[{"id":727,"href":"https:\/\/www.supagro.fr\/wordpress\/initiativespedagogiques\/wp-json\/wp\/v2\/pages\/226\/revisions\/727"}],"wp:attachment":[{"href":"https:\/\/www.supagro.fr\/wordpress\/initiativespedagogiques\/wp-json\/wp\/v2\/media?parent=226"}],"curies":[{"name":"wp","href":"https:\/\/api.w.org\/{rel}","templated":true}]}}