{"id":274,"date":"2017-10-17T11:11:51","date_gmt":"2017-10-17T09:11:51","guid":{"rendered":"http:\/\/www.supagro.fr\/wordpress\/initiativespedagogiques\/?page_id=274"},"modified":"2017-10-23T14:23:23","modified_gmt":"2017-10-23T12:23:23","slug":"saisir-un-temoignage","status":"publish","type":"page","link":"https:\/\/www.supagro.fr\/wordpress\/initiativespedagogiques\/saisir-un-temoignage\/","title":{"rendered":"T\u00e9moigner"},"content":{"rendered":"<p><strong>Cet espace est une invitation au partage d\u2019exp\u00e9riences \u2026<\/strong><\/p>\n<p>Sous le couvert de l\u2019anonymat, ou non, vous pouvez ici inscrire vos t\u00e9moignages \u00e0 l&rsquo;aide d&rsquo;un formulaire. Ces t\u00e9moignages peuvent concerner une, ou plusieurs, situations p\u00e9dagogiques v\u00e9cues ou en pr\u00e9paration.<\/p>\n<p>Voici les diff\u00e9rentes cat\u00e9gories :<\/p>\n<ul>\n<li><a href=\"http:\/\/www.supagro.fr\/wordpress\/initiativespedagogiques\/saisir-mon-temoignage-modalites-devaluation\/\">Les modalit\u00e9s d&rsquo;\u00e9valuation<\/a><\/li>\n<li><a href=\"http:\/\/www.supagro.fr\/wordpress\/initiativespedagogiques\/saisir-mon-temoignage-la-demarche-de-projet\/\">La d\u00e9marche de projet<\/a><\/li>\n<li><a href=\"http:\/\/www.supagro.fr\/wordpress\/initiativespedagogiques\/saisir-mon-temoignage-lutilisation-des-outils-numeriques-2\/\">L&rsquo;utilisation des outils num\u00e9riques<\/a><\/li>\n<li><a href=\"http:\/\/www.supagro.fr\/wordpress\/initiativespedagogiques\/saisir-mon-temoignage-lutilisation-des-outils-numeriques\/\">Les jeux de r\u00f4les \/ jeux s\u00e9rieux<\/a><\/li>\n<li><a href=\"http:\/\/www.supagro.fr\/wordpress\/initiativespedagogiques\/saisir-mon-temoignage-classe-inversee\/\">La classe invers\u00e9e<\/a><\/li>\n<li><a href=\"http:\/\/www.supagro.fr\/wordpress\/initiativespedagogiques\/saisir-mon-temoignage-experimentation-observation-scientifique\/\">L&rsquo;exp\u00e9rimentation \/ observation scientifique<\/a><\/li>\n<li><a href=\"http:\/\/www.supagro.fr\/wordpress\/initiativespedagogiques\/saisir-mon-temoignage-autre-pratique-pedagogique\/\">Autres pratiques p\u00e9dagogiques<\/a><\/li>\n<\/ul>\n","protected":false},"excerpt":{"rendered":"<p>Cet espace est une invitation au partage d\u2019exp\u00e9riences \u2026 Sous le couvert de l\u2019anonymat, ou non, vous pouvez ici inscrire vos t\u00e9moignages \u00e0 l&rsquo;aide d&rsquo;un formulaire. Ces t\u00e9moignages peuvent concerner une, ou plusieurs, situations p\u00e9dagogiques v\u00e9cues ou en pr\u00e9paration. Voici les diff\u00e9rentes cat\u00e9gories : Les modalit\u00e9s d&rsquo;\u00e9valuation La d\u00e9marche de projet L&rsquo;utilisation des outils num\u00e9riques Les jeux de r\u00f4les \/<\/p>\n","protected":false},"author":154,"featured_media":0,"parent":0,"menu_order":0,"comment_status":"closed","ping_status":"closed","template":"","meta":{"_exactmetrics_skip_tracking":false,"_exactmetrics_sitenote_active":false,"_exactmetrics_sitenote_note":"","_exactmetrics_sitenote_category":0,"footnotes":""},"class_list":["post-274","page","type-page","status-publish","hentry"],"post_mailing_queue_ids":[],"_links":{"self":[{"href":"https:\/\/www.supagro.fr\/wordpress\/initiativespedagogiques\/wp-json\/wp\/v2\/pages\/274","targetHints":{"allow":["GET"]}}],"collection":[{"href":"https:\/\/www.supagro.fr\/wordpress\/initiativespedagogiques\/wp-json\/wp\/v2\/pages"}],"about":[{"href":"https:\/\/www.supagro.fr\/wordpress\/initiativespedagogiques\/wp-json\/wp\/v2\/types\/page"}],"author":[{"embeddable":true,"href":"https:\/\/www.supagro.fr\/wordpress\/initiativespedagogiques\/wp-json\/wp\/v2\/users\/154"}],"replies":[{"embeddable":true,"href":"https:\/\/www.supagro.fr\/wordpress\/initiativespedagogiques\/wp-json\/wp\/v2\/comments?post=274"}],"version-history":[{"count":13,"href":"https:\/\/www.supagro.fr\/wordpress\/initiativespedagogiques\/wp-json\/wp\/v2\/pages\/274\/revisions"}],"predecessor-version":[{"id":471,"href":"https:\/\/www.supagro.fr\/wordpress\/initiativespedagogiques\/wp-json\/wp\/v2\/pages\/274\/revisions\/471"}],"wp:attachment":[{"href":"https:\/\/www.supagro.fr\/wordpress\/initiativespedagogiques\/wp-json\/wp\/v2\/media?parent=274"}],"curies":[{"name":"wp","href":"https:\/\/api.w.org\/{rel}","templated":true}]}}