{"id":378,"date":"2017-10-19T14:42:03","date_gmt":"2017-10-19T12:42:03","guid":{"rendered":"http:\/\/www.supagro.fr\/wordpress\/initiativespedagogiques\/?page_id=378"},"modified":"2017-10-19T14:54:16","modified_gmt":"2017-10-19T12:54:16","slug":"seminaire-du-05092017","status":"publish","type":"page","link":"https:\/\/www.supagro.fr\/wordpress\/initiativespedagogiques\/seminaire-du-05092017\/","title":{"rendered":"S\u00e9minaire du 05\/09\/2017"},"content":{"rendered":"<p>Compte-rendu des groupes de r\u00e9flexion:<\/p>\n<ul>\n<li><a href=\"http:\/\/www.supagro.fr\/wordpress\/initiativespedagogiques\/files\/2017\/10\/Groupe-1-evaluation-travaux-de-groupe.pdf\">Groupe 1<\/a> : \u00e9valuer des travaux de groupe<\/li>\n<li><a href=\"http:\/\/www.supagro.fr\/wordpress\/initiativespedagogiques\/files\/2017\/10\/Groupe-2-evaluation-grands-groupes.pdf\">Groupe 2 <\/a>: \u00e9valuer en grand groupe<\/li>\n<li><a href=\"http:\/\/www.supagro.fr\/wordpress\/initiativespedagogiques\/files\/2017\/10\/Groupe-3-evaluation-par-les-pairs-auto\u00e9valuation.pdf\">Groupe 3 <\/a>: \u00e9valuation par les pairs &amp; auto-\u00e9valuation<\/li>\n<li><a href=\"http:\/\/www.supagro.fr\/wordpress\/initiativespedagogiques\/files\/2017\/10\/Groupe-4-evaluation-les-notes-.pdf\">Groupe 4 <\/a>: attribuer des notes<\/li>\n<li><a href=\"http:\/\/www.supagro.fr\/wordpress\/initiativespedagogiques\/files\/2017\/10\/Groupe-5-evaluation-objet-de-levaluation.pdf\">Groupe 5 <\/a> : l&rsquo;objet de l&rsquo;\u00e9valuation<\/li>\n<li><a href=\"http:\/\/www.supagro.fr\/wordpress\/initiativespedagogiques\/files\/2017\/10\/Groupe-6-evaluation-pluridisciplinarit\u00e9.pdf\">Groupe 6 <\/a> : \u00e9valuer dans un module pluridisciplinaire<\/li>\n<li><a href=\"http:\/\/www.supagro.fr\/wordpress\/initiativespedagogiques\/files\/2017\/10\/Groupe-7-evaluation-alternance.pdf\">Groupe 7<\/a> : l&rsquo;\u00e9valuation en alternance<\/li>\n<\/ul>\n","protected":false},"excerpt":{"rendered":"<p>Compte-rendu des groupes de r\u00e9flexion: Groupe 1 : \u00e9valuer des travaux de groupe Groupe 2 : \u00e9valuer en grand groupe Groupe 3 : \u00e9valuation par les pairs &amp; auto-\u00e9valuation Groupe 4 : attribuer des notes Groupe 5 : l&rsquo;objet de l&rsquo;\u00e9valuation Groupe 6 : \u00e9valuer dans un module pluridisciplinaire Groupe 7 : l&rsquo;\u00e9valuation en alternance<\/p>\n","protected":false},"author":154,"featured_media":0,"parent":0,"menu_order":0,"comment_status":"closed","ping_status":"closed","template":"","meta":{"_exactmetrics_skip_tracking":false,"_exactmetrics_sitenote_active":false,"_exactmetrics_sitenote_note":"","_exactmetrics_sitenote_category":0,"footnotes":""},"class_list":["post-378","page","type-page","status-publish","hentry"],"post_mailing_queue_ids":[],"_links":{"self":[{"href":"https:\/\/www.supagro.fr\/wordpress\/initiativespedagogiques\/wp-json\/wp\/v2\/pages\/378","targetHints":{"allow":["GET"]}}],"collection":[{"href":"https:\/\/www.supagro.fr\/wordpress\/initiativespedagogiques\/wp-json\/wp\/v2\/pages"}],"about":[{"href":"https:\/\/www.supagro.fr\/wordpress\/initiativespedagogiques\/wp-json\/wp\/v2\/types\/page"}],"author":[{"embeddable":true,"href":"https:\/\/www.supagro.fr\/wordpress\/initiativespedagogiques\/wp-json\/wp\/v2\/users\/154"}],"replies":[{"embeddable":true,"href":"https:\/\/www.supagro.fr\/wordpress\/initiativespedagogiques\/wp-json\/wp\/v2\/comments?post=378"}],"version-history":[{"count":3,"href":"https:\/\/www.supagro.fr\/wordpress\/initiativespedagogiques\/wp-json\/wp\/v2\/pages\/378\/revisions"}],"predecessor-version":[{"id":390,"href":"https:\/\/www.supagro.fr\/wordpress\/initiativespedagogiques\/wp-json\/wp\/v2\/pages\/378\/revisions\/390"}],"wp:attachment":[{"href":"https:\/\/www.supagro.fr\/wordpress\/initiativespedagogiques\/wp-json\/wp\/v2\/media?parent=378"}],"curies":[{"name":"wp","href":"https:\/\/api.w.org\/{rel}","templated":true}]}}