{"id":403,"date":"2017-10-19T16:16:14","date_gmt":"2017-10-19T14:16:14","guid":{"rendered":"http:\/\/www.supagro.fr\/wordpress\/initiativespedagogiques\/?page_id=403"},"modified":"2017-10-19T16:37:25","modified_gmt":"2017-10-19T14:37:25","slug":"saisir-mon-temoignage-classe-inversee","status":"publish","type":"page","link":"https:\/\/www.supagro.fr\/wordpress\/initiativespedagogiques\/saisir-mon-temoignage-classe-inversee\/","title":{"rendered":"Saisir mon t\u00e9moignage : Classe invers\u00e9e"},"content":{"rendered":"\n<div class=\"wpcf7 no-js\" id=\"wpcf7-f417-o1\" lang=\"fr-FR\" dir=\"ltr\" data-wpcf7-id=\"417\">\n<div class=\"screen-reader-response\"><p role=\"status\" aria-live=\"polite\" aria-atomic=\"true\"><\/p> <ul><\/ul><\/div>\n<form action=\"\/wordpress\/initiativespedagogiques\/wp-json\/wp\/v2\/pages\/403#wpcf7-f417-o1\" method=\"post\" class=\"wpcf7-form init\" aria-label=\"Formulaire de contact\" enctype=\"multipart\/form-data\" novalidate=\"novalidate\" data-status=\"init\">\n<fieldset class=\"hidden-fields-container\"><input type=\"hidden\" name=\"_wpcf7\" value=\"417\" \/><input type=\"hidden\" name=\"_wpcf7_version\" value=\"6.1.5\" \/><input type=\"hidden\" name=\"_wpcf7_locale\" value=\"fr_FR\" \/><input type=\"hidden\" name=\"_wpcf7_unit_tag\" value=\"wpcf7-f417-o1\" \/><input type=\"hidden\" name=\"_wpcf7_container_post\" value=\"0\" \/><input type=\"hidden\" name=\"_wpcf7_posted_data_hash\" value=\"\" \/>\n<\/fieldset>\n<p><label> Titre :<br \/>\n<span class=\"wpcf7-form-control-wrap\" data-name=\"titre\"><input size=\"40\" maxlength=\"400\" class=\"wpcf7-form-control wpcf7-text bar\" id=\"foo\" aria-invalid=\"false\" placeholder=\"nom donn\u00e9 \u00e0 votre t\u00e9moignage\" value=\"\" type=\"text\" name=\"titre\" \/><\/span> <\/label>\n<\/p>\n<p>MISE EN PLACE DE LA SITUATION<br \/>\n<label> Description : (*)<br \/>\n<span class=\"wpcf7-form-control-wrap\" data-name=\"description\"><textarea cols=\"40\" rows=\"10\" maxlength=\"2000\" class=\"wpcf7-form-control wpcf7-textarea wpcf7-validates-as-required bar\" aria-required=\"true\" aria-invalid=\"false\" placeholder=\"d\u00e9roulement, o\u00f9, quand, comment, dur\u00e9e, \u00e9tapes...\" name=\"description\"><\/textarea><\/span> <\/label>\n<\/p>\n<p><label> Objectifs p\u00e9dagogiques : (*)<br \/>\n<span class=\"wpcf7-form-control-wrap\" data-name=\"obj\"><textarea cols=\"40\" rows=\"10\" maxlength=\"2000\" class=\"wpcf7-form-control wpcf7-textarea wpcf7-validates-as-required bar\" aria-required=\"true\" aria-invalid=\"false\" name=\"obj\"><\/textarea><\/span> <\/label>\n<\/p>\n<p>Nombre d'\u00e9tudiants :<br \/>\n<span class=\"wpcf7-form-control-wrap\" data-name=\"Nombretudiants\"><select class=\"wpcf7-form-control wpcf7-select wpcf7-validates-as-required bar\" aria-required=\"true\" aria-invalid=\"false\" name=\"Nombretudiants\"><option value=\"Petit groupe (&lt;20 \u00e9tudiants)\">Petit groupe (&lt;20 \u00e9tudiants)<\/option><option value=\"Groupe moyen (20&lt;40 \u00e9tudiants)\">Groupe moyen (20&lt;40 \u00e9tudiants)<\/option><option value=\"Grand groupe (40&lt;60 \u00e9tudiants)\">Grand groupe (40&lt;60 \u00e9tudiants)<\/option><option value=\"Tr\u00e8s grand groupe (&lt;60 \u00e9tudiants)\">Tr\u00e8s grand groupe (&lt;60 \u00e9tudiants)<\/option><\/select><\/span>\n<\/p>\n<p>Trace(s) de la situation (programme, consignes, corpus de documents etc) :<br \/>\n<span class=\"wpcf7-form-control-wrap\" data-name=\"Fichiers\"><input size=\"40\" class=\"wpcf7-form-control wpcf7-file bar\" accept=\".pdf,.jpeg,.jpg,.png,.doc,.docx,.xls\" aria-invalid=\"false\" type=\"file\" name=\"Fichiers\" \/><\/span><span class=\"wpcf7-form-control-wrap\" data-name=\"Fichiers\"><input size=\"40\" class=\"wpcf7-form-control wpcf7-file bar\" accept=\".pdf,.jpeg,.jpg,.png,.doc,.docx,.xls\" aria-invalid=\"false\" type=\"file\" name=\"Fichiers\" \/><\/span>\n<\/p>\n<p>RETOUR SUR VOTRE EXP\u00c9RIENCE<br \/>\n<label> Pour quelle(s) raison(s) proc\u00e9dez-vous ainsi ? (*)<br \/>\n<span class=\"wpcf7-form-control-wrap\" data-name=\"raisons\"><textarea cols=\"40\" rows=\"10\" maxlength=\"2000\" class=\"wpcf7-form-control wpcf7-textarea wpcf7-validates-as-required bar\" aria-required=\"true\" aria-invalid=\"false\" name=\"raisons\"><\/textarea><\/span> <\/label>\n<\/p>\n<p><label> Quelle(s) difficult\u00e9(s) avez-vous du r\u00e9soudre ? (avant\/pendant)(*)<br \/>\n<span class=\"wpcf7-form-control-wrap\" data-name=\"difficult\"><textarea cols=\"40\" rows=\"10\" maxlength=\"2000\" class=\"wpcf7-form-control wpcf7-textarea wpcf7-validates-as-required bar\" aria-required=\"true\" aria-invalid=\"false\" name=\"difficult\"><\/textarea><\/span> <\/label>\n<\/p>\n<p><label> Dans ce que vous avez mis en place, qu'est-ce qui est satisfaisant ?(*)<br \/>\n<span class=\"wpcf7-form-control-wrap\" data-name=\"satisfaisant\"><textarea cols=\"40\" rows=\"10\" maxlength=\"2000\" class=\"wpcf7-form-control wpcf7-textarea wpcf7-validates-as-required bar\" aria-required=\"true\" aria-invalid=\"false\" name=\"satisfaisant\"><\/textarea><\/span> <\/label>\n<\/p>\n<p><label> Reste insatisfaisant ?(*)<br \/>\n<span class=\"wpcf7-form-control-wrap\" data-name=\"insatisfaisant\"><textarea cols=\"40\" rows=\"10\" maxlength=\"2000\" class=\"wpcf7-form-control wpcf7-textarea wpcf7-validates-as-required bar\" aria-required=\"true\" aria-invalid=\"false\" name=\"insatisfaisant\"><\/textarea><\/span> <\/label>\n<\/p>\n<p>\u00c9VALUATION PAR LES \u00c9TUDIANTS<br \/>\nAvez-vous demand\u00e9 aux \u00e9tudiants d'\u00e9valuer la situation ?(*)<br \/>\n<span class=\"wpcf7-form-control-wrap\" data-name=\"Evaletudiant\"><span class=\"wpcf7-form-control wpcf7-radio bar\"><span class=\"wpcf7-list-item first\"><label><span class=\"wpcf7-list-item-label\">Oui<\/span><input type=\"radio\" name=\"Evaletudiant\" value=\"Oui\" checked=\"checked\" \/><\/label><\/span><span class=\"wpcf7-list-item last\"><label><span class=\"wpcf7-list-item-label\">Non<\/span><input type=\"radio\" name=\"Evaletudiant\" value=\"Non\" \/><\/label><\/span><\/span><\/span>\n<\/p>\n<p><label> Si oui, de quelle mani\u00e8re ?<br \/>\n<span class=\"wpcf7-form-control-wrap\" data-name=\"evalcomment\"><textarea cols=\"40\" rows=\"10\" maxlength=\"2000\" class=\"wpcf7-form-control wpcf7-textarea bar\" aria-invalid=\"false\" name=\"evalcomment\"><\/textarea><\/span> <\/label>\n<\/p>\n<p><label> Quels en sont les principaux enseignements ?<br \/>\n<span class=\"wpcf7-form-control-wrap\" data-name=\"retoursetudiant\"><textarea cols=\"40\" rows=\"10\" maxlength=\"2000\" class=\"wpcf7-form-control wpcf7-textarea bar\" aria-invalid=\"false\" name=\"retoursetudiant\"><\/textarea><\/span> <\/label>\n<\/p>\n<p>POUR \u00c9CHANGER<br \/>\n<label> Sur quel(s) point(s), sujet(s), m\u00e9thode(s) aimeriez-vous interpeller vos coll\u00e8gues ?<br \/>\n<span class=\"wpcf7-form-control-wrap\" data-name=\"echanger\"><textarea cols=\"40\" rows=\"10\" maxlength=\"2000\" class=\"wpcf7-form-control wpcf7-textarea bar\" aria-invalid=\"false\" name=\"echanger\"><\/textarea><\/span> <\/label>\n<\/p>\n<p>\u00c0 PROPOS DE VOUS\n<\/p>\n<p><label> Nom :<br \/>\n<span class=\"wpcf7-form-control-wrap\" data-name=\"your-name\"><input size=\"40\" maxlength=\"400\" class=\"wpcf7-form-control wpcf7-text wpcf7-validates-as-required\" aria-required=\"true\" aria-invalid=\"false\" value=\"\" type=\"text\" name=\"your-name\" \/><\/span> <\/label>\n<\/p>\n<p><label> Discipline enseign\u00e9e : (*)<br \/>\n<span class=\"wpcf7-form-control-wrap\" data-name=\"Discipline\"><input size=\"40\" maxlength=\"400\" class=\"wpcf7-form-control wpcf7-text wpcf7-validates-as-required bar\" aria-required=\"true\" aria-invalid=\"false\" value=\"\" type=\"text\" name=\"Discipline\" \/><\/span> <\/label>\n<\/p>\n<p><label> Dans quelle(s) formation(s) ? (*)<br \/>\n<span class=\"wpcf7-form-control-wrap\" data-name=\"Formation\"><input size=\"40\" maxlength=\"400\" class=\"wpcf7-form-control wpcf7-text wpcf7-validates-as-required bar\" aria-required=\"true\" aria-invalid=\"false\" value=\"\" type=\"text\" name=\"Formation\" \/><\/span> <\/label>\n<\/p>\n<p>MERCI POUR VOTRE PARTICIPATION<br \/>\n<script src='https:\/\/www.google.com\/recaptcha\/api.js'><\/script>\n<\/p>\n<div class=\"g-recaptcha\" data-sitekey=\"6Lc0EzUUAAAAAGNnKa9qOfsVTlwUwIp_TQdTDyVe\">\n<\/div>\n<p><input class=\"wpcf7-form-control wpcf7-submit has-spinner\" type=\"submit\" value=\"Envoyer\" \/>\n<\/p><div class=\"wpcf7-response-output\" aria-hidden=\"true\"><\/div>\n<\/form>\n<\/div>\n\n","protected":false},"excerpt":{"rendered":"","protected":false},"author":154,"featured_media":0,"parent":0,"menu_order":0,"comment_status":"closed","ping_status":"closed","template":"","meta":{"_exactmetrics_skip_tracking":false,"_exactmetrics_sitenote_active":false,"_exactmetrics_sitenote_note":"","_exactmetrics_sitenote_category":0,"footnotes":""},"class_list":["post-403","page","type-page","status-publish","hentry"],"post_mailing_queue_ids":[],"_links":{"self":[{"href":"https:\/\/www.supagro.fr\/wordpress\/initiativespedagogiques\/wp-json\/wp\/v2\/pages\/403","targetHints":{"allow":["GET"]}}],"collection":[{"href":"https:\/\/www.supagro.fr\/wordpress\/initiativespedagogiques\/wp-json\/wp\/v2\/pages"}],"about":[{"href":"https:\/\/www.supagro.fr\/wordpress\/initiativespedagogiques\/wp-json\/wp\/v2\/types\/page"}],"author":[{"embeddable":true,"href":"https:\/\/www.supagro.fr\/wordpress\/initiativespedagogiques\/wp-json\/wp\/v2\/users\/154"}],"replies":[{"embeddable":true,"href":"https:\/\/www.supagro.fr\/wordpress\/initiativespedagogiques\/wp-json\/wp\/v2\/comments?post=403"}],"version-history":[{"count":2,"href":"https:\/\/www.supagro.fr\/wordpress\/initiativespedagogiques\/wp-json\/wp\/v2\/pages\/403\/revisions"}],"predecessor-version":[{"id":418,"href":"https:\/\/www.supagro.fr\/wordpress\/initiativespedagogiques\/wp-json\/wp\/v2\/pages\/403\/revisions\/418"}],"wp:attachment":[{"href":"https:\/\/www.supagro.fr\/wordpress\/initiativespedagogiques\/wp-json\/wp\/v2\/media?parent=403"}],"curies":[{"name":"wp","href":"https:\/\/api.w.org\/{rel}","templated":true}]}}