{"id":437,"date":"2017-10-20T17:21:00","date_gmt":"2017-10-20T15:21:00","guid":{"rendered":"http:\/\/www.supagro.fr\/wordpress\/initiativespedagogiques\/?page_id=437"},"modified":"2017-10-20T17:21:00","modified_gmt":"2017-10-20T15:21:00","slug":"saisir-ma-definition","status":"publish","type":"page","link":"https:\/\/www.supagro.fr\/wordpress\/initiativespedagogiques\/saisir-ma-definition\/","title":{"rendered":"Saisir ma d\u00e9finition"},"content":{"rendered":"\n<div class=\"wpcf7 no-js\" id=\"wpcf7-f435-o1\" lang=\"fr-FR\" dir=\"ltr\" data-wpcf7-id=\"435\">\n<div class=\"screen-reader-response\"><p role=\"status\" aria-live=\"polite\" aria-atomic=\"true\"><\/p> <ul><\/ul><\/div>\n<form action=\"\/wordpress\/initiativespedagogiques\/wp-json\/wp\/v2\/pages\/437#wpcf7-f435-o1\" method=\"post\" class=\"wpcf7-form init\" aria-label=\"Formulaire de contact\" novalidate=\"novalidate\" data-status=\"init\">\n<fieldset class=\"hidden-fields-container\"><input type=\"hidden\" name=\"_wpcf7\" value=\"435\" \/><input type=\"hidden\" name=\"_wpcf7_version\" value=\"6.1.5\" \/><input type=\"hidden\" name=\"_wpcf7_locale\" value=\"fr_FR\" \/><input type=\"hidden\" name=\"_wpcf7_unit_tag\" value=\"wpcf7-f435-o1\" \/><input type=\"hidden\" name=\"_wpcf7_container_post\" value=\"0\" \/><input type=\"hidden\" name=\"_wpcf7_posted_data_hash\" value=\"\" \/>\n<\/fieldset>\n<p><label> Votre nom (obligatoire)<br \/>\n<span class=\"wpcf7-form-control-wrap\" data-name=\"your-name\"><input size=\"40\" maxlength=\"400\" class=\"wpcf7-form-control wpcf7-text wpcf7-validates-as-required\" aria-required=\"true\" aria-invalid=\"false\" value=\"\" type=\"text\" name=\"your-name\" \/><\/span> <\/label>\n<\/p>\n<p><label> Titre <\/label><br \/>\n<span class=\"wpcf7-form-control-wrap\" data-name=\"Titre\"><input size=\"40\" maxlength=\"400\" class=\"wpcf7-form-control wpcf7-text bar\" id=\"foo\" aria-invalid=\"false\" placeholder=\"Mettre un mot cl\u00e9 - phrase cl\u00e9 r\u00e9sumant votre d\u00e9finition\" value=\"\" type=\"text\" name=\"Titre\" \/><\/span>\n<\/p>\n<p><label> Quel est votre d\u00e9finition de l'innovation ?<br \/>\n<span class=\"wpcf7-form-control-wrap\" data-name=\"Definnov\"><textarea cols=\"40\" rows=\"10\" maxlength=\"2000\" class=\"wpcf7-form-control wpcf7-textarea bar\" aria-invalid=\"false\" name=\"Definnov\"><\/textarea><\/span> <\/label>\n<\/p>\n<p><input class=\"wpcf7-form-control wpcf7-submit has-spinner\" type=\"submit\" value=\"Envoyer\" \/>\n<\/p><div class=\"wpcf7-response-output\" aria-hidden=\"true\"><\/div>\n<\/form>\n<\/div>\n\n","protected":false},"excerpt":{"rendered":"","protected":false},"author":154,"featured_media":0,"parent":0,"menu_order":0,"comment_status":"closed","ping_status":"closed","template":"","meta":{"_exactmetrics_skip_tracking":false,"_exactmetrics_sitenote_active":false,"_exactmetrics_sitenote_note":"","_exactmetrics_sitenote_category":0,"footnotes":""},"class_list":["post-437","page","type-page","status-publish","hentry"],"post_mailing_queue_ids":[],"_links":{"self":[{"href":"https:\/\/www.supagro.fr\/wordpress\/initiativespedagogiques\/wp-json\/wp\/v2\/pages\/437","targetHints":{"allow":["GET"]}}],"collection":[{"href":"https:\/\/www.supagro.fr\/wordpress\/initiativespedagogiques\/wp-json\/wp\/v2\/pages"}],"about":[{"href":"https:\/\/www.supagro.fr\/wordpress\/initiativespedagogiques\/wp-json\/wp\/v2\/types\/page"}],"author":[{"embeddable":true,"href":"https:\/\/www.supagro.fr\/wordpress\/initiativespedagogiques\/wp-json\/wp\/v2\/users\/154"}],"replies":[{"embeddable":true,"href":"https:\/\/www.supagro.fr\/wordpress\/initiativespedagogiques\/wp-json\/wp\/v2\/comments?post=437"}],"version-history":[{"count":1,"href":"https:\/\/www.supagro.fr\/wordpress\/initiativespedagogiques\/wp-json\/wp\/v2\/pages\/437\/revisions"}],"predecessor-version":[{"id":438,"href":"https:\/\/www.supagro.fr\/wordpress\/initiativespedagogiques\/wp-json\/wp\/v2\/pages\/437\/revisions\/438"}],"wp:attachment":[{"href":"https:\/\/www.supagro.fr\/wordpress\/initiativespedagogiques\/wp-json\/wp\/v2\/media?parent=437"}],"curies":[{"name":"wp","href":"https:\/\/api.w.org\/{rel}","templated":true}]}}