{"id":458,"date":"2017-10-23T14:04:55","date_gmt":"2017-10-23T12:04:55","guid":{"rendered":"http:\/\/www.supagro.fr\/wordpress\/initiativespedagogiques\/?page_id=458"},"modified":"2017-10-23T14:20:52","modified_gmt":"2017-10-23T12:20:52","slug":"categories","status":"publish","type":"page","link":"https:\/\/www.supagro.fr\/wordpress\/initiativespedagogiques\/categories\/","title":{"rendered":"Cat\u00e9gories"},"content":{"rendered":"<p>Voici les diff\u00e9rentes cat\u00e9gories :<\/p>\n<ul>\n<li><a href=\"https:\/\/www.supagro.fr\/wordpress\/initiativespedagogiques\/category\/modalites-devaluation\/\">Les modalit\u00e9s d&rsquo;\u00e9valuation<\/a><\/li>\n<li><a href=\"https:\/\/www.supagro.fr\/wordpress\/initiativespedagogiques\/category\/demarche-de-projet\/\">La d\u00e9marche de projet<\/a><\/li>\n<li><a href=\"https:\/\/www.supagro.fr\/wordpress\/initiativespedagogiques\/category\/utilisation-des-outils-numeriques\/\">L&rsquo;utilisation des outils num\u00e9riques<\/a><\/li>\n<li><a href=\"https:\/\/www.supagro.fr\/wordpress\/initiativespedagogiques\/category\/la-classe-inversee\/\">La classe invers\u00e9e<\/a><\/li>\n<li><a href=\"https:\/\/www.supagro.fr\/wordpress\/initiativespedagogiques\/category\/jeux-de-rolesjeux-serieux\/\">Les jeux de r\u00f4les \/ jeux s\u00e9rieux<\/a><\/li>\n<li><a href=\"https:\/\/www.supagro.fr\/wordpress\/initiativespedagogiques\/category\/experimentations-scientifiques\/\">L&rsquo;exp\u00e9rimentation \/ observation scientifique<\/a><\/li>\n<li><a href=\"https:\/\/www.supagro.fr\/wordpress\/initiativespedagogiques\/category\/autres-pratiques-pedagogiques\/\">Autres pratiques p\u00e9dagogiques<\/a><\/li>\n<\/ul>\n","protected":false},"excerpt":{"rendered":"<p>Voici les diff\u00e9rentes cat\u00e9gories : Les modalit\u00e9s d&rsquo;\u00e9valuation La d\u00e9marche de projet L&rsquo;utilisation des outils num\u00e9riques La classe invers\u00e9e Les jeux de r\u00f4les \/ jeux s\u00e9rieux L&rsquo;exp\u00e9rimentation \/ observation scientifique Autres pratiques p\u00e9dagogiques<\/p>\n","protected":false},"author":154,"featured_media":0,"parent":0,"menu_order":0,"comment_status":"closed","ping_status":"closed","template":"","meta":{"_exactmetrics_skip_tracking":false,"_exactmetrics_sitenote_active":false,"_exactmetrics_sitenote_note":"","_exactmetrics_sitenote_category":0,"footnotes":""},"class_list":["post-458","page","type-page","status-publish","hentry"],"post_mailing_queue_ids":[],"_links":{"self":[{"href":"https:\/\/www.supagro.fr\/wordpress\/initiativespedagogiques\/wp-json\/wp\/v2\/pages\/458","targetHints":{"allow":["GET"]}}],"collection":[{"href":"https:\/\/www.supagro.fr\/wordpress\/initiativespedagogiques\/wp-json\/wp\/v2\/pages"}],"about":[{"href":"https:\/\/www.supagro.fr\/wordpress\/initiativespedagogiques\/wp-json\/wp\/v2\/types\/page"}],"author":[{"embeddable":true,"href":"https:\/\/www.supagro.fr\/wordpress\/initiativespedagogiques\/wp-json\/wp\/v2\/users\/154"}],"replies":[{"embeddable":true,"href":"https:\/\/www.supagro.fr\/wordpress\/initiativespedagogiques\/wp-json\/wp\/v2\/comments?post=458"}],"version-history":[{"count":3,"href":"https:\/\/www.supagro.fr\/wordpress\/initiativespedagogiques\/wp-json\/wp\/v2\/pages\/458\/revisions"}],"predecessor-version":[{"id":470,"href":"https:\/\/www.supagro.fr\/wordpress\/initiativespedagogiques\/wp-json\/wp\/v2\/pages\/458\/revisions\/470"}],"wp:attachment":[{"href":"https:\/\/www.supagro.fr\/wordpress\/initiativespedagogiques\/wp-json\/wp\/v2\/media?parent=458"}],"curies":[{"name":"wp","href":"https:\/\/api.w.org\/{rel}","templated":true}]}}