{"id":7,"date":"2017-09-06T09:01:05","date_gmt":"2017-09-06T07:01:05","guid":{"rendered":"https:\/\/initiativespedagogiquesmsa.wordpress.com\/?page_id=2"},"modified":"2017-11-02T13:59:53","modified_gmt":"2017-11-02T12:59:53","slug":"a-propos","status":"publish","type":"page","link":"https:\/\/www.supagro.fr\/wordpress\/initiativespedagogiques\/a-propos\/","title":{"rendered":"L&rsquo;innovation p\u00e9dagogique"},"content":{"rendered":"<p>Ceci est un espace de discussion \u00e0 propos de l&rsquo;innovation p\u00e9dagogique. De nombreuses ressources, documentations, livres&#8230; d\u00e9finissent ce terme, mais comment se l&rsquo;approprier ?<\/p>\n<p><strong>Il existe une mosa\u00efque de repr\u00e9sentations au sujet de l&rsquo;innovation p\u00e9dagogique&#8230; et vous pouvez y ajouter-la v\u00f4tre.<br \/>\n<\/strong><\/p>\n<p><a href=\"http:\/\/www.supagro.fr\/wordpress\/initiativespedagogiques\/saisir-ma-definition\/\">Saisir ma d\u00e9finition<\/a><\/p>\n<p><a href=\"https:\/\/www.supagro.fr\/wordpress\/initiativespedagogiques\/category\/nos-definitions\/\">Voir les d\u00e9finitions<\/a><\/p>\n<p>&nbsp;<\/p>\n<p>&nbsp;<\/p>\n","protected":false},"excerpt":{"rendered":"<p>Ceci est un petit extrait destin\u00e9 \u00e0 la &amp;nbsp;page \u00ab\u00a0\u00c0 propos\u00a0\u00bb.<\/p>\n","protected":false},"author":154,"featured_media":0,"parent":0,"menu_order":1,"comment_status":"closed","ping_status":"closed","template":"","meta":{"_exactmetrics_skip_tracking":false,"_exactmetrics_sitenote_active":false,"_exactmetrics_sitenote_note":"","_exactmetrics_sitenote_category":0,"footnotes":""},"class_list":["post-7","page","type-page","status-publish","hentry"],"post_mailing_queue_ids":[],"_links":{"self":[{"href":"https:\/\/www.supagro.fr\/wordpress\/initiativespedagogiques\/wp-json\/wp\/v2\/pages\/7","targetHints":{"allow":["GET"]}}],"collection":[{"href":"https:\/\/www.supagro.fr\/wordpress\/initiativespedagogiques\/wp-json\/wp\/v2\/pages"}],"about":[{"href":"https:\/\/www.supagro.fr\/wordpress\/initiativespedagogiques\/wp-json\/wp\/v2\/types\/page"}],"author":[{"embeddable":true,"href":"https:\/\/www.supagro.fr\/wordpress\/initiativespedagogiques\/wp-json\/wp\/v2\/users\/154"}],"replies":[{"embeddable":true,"href":"https:\/\/www.supagro.fr\/wordpress\/initiativespedagogiques\/wp-json\/wp\/v2\/comments?post=7"}],"version-history":[{"count":9,"href":"https:\/\/www.supagro.fr\/wordpress\/initiativespedagogiques\/wp-json\/wp\/v2\/pages\/7\/revisions"}],"predecessor-version":[{"id":585,"href":"https:\/\/www.supagro.fr\/wordpress\/initiativespedagogiques\/wp-json\/wp\/v2\/pages\/7\/revisions\/585"}],"wp:attachment":[{"href":"https:\/\/www.supagro.fr\/wordpress\/initiativespedagogiques\/wp-json\/wp\/v2\/media?parent=7"}],"curies":[{"name":"wp","href":"https:\/\/api.w.org\/{rel}","templated":true}]}}