{"id":96,"date":"2017-09-11T15:56:35","date_gmt":"2017-09-11T13:56:35","guid":{"rendered":"https:\/\/initiativespedagogiquesmsa.wordpress.com\/?page_id=96"},"modified":"2018-01-29T15:46:30","modified_gmt":"2018-01-29T14:46:30","slug":"notre-plate-forme","status":"publish","type":"page","link":"https:\/\/www.supagro.fr\/wordpress\/initiativespedagogiques\/","title":{"rendered":"Pr\u00e9sentation"},"content":{"rendered":"<h1 style=\"text-align: center\"><strong>BIENVENUE<br \/>\n<\/strong><\/h1>\n<p>&nbsp;<\/p>\n<p style=\"text-align: justify\">Bienvenue dans l&rsquo;antre de notre nouvel espace collaboratif : une plateforme d&rsquo;\u00e9changes sur les pratiques et ressources p\u00e9dagogiques, destin\u00e9e au personnel p\u00e9dagogique de l&rsquo;Institut National d&rsquo;\u00c9tudes Sup\u00e9rieures Agronomiques de Montpellier. Aliment\u00e9e par nos t\u00e9moignages, par nos questionnements face \u00e0 des situations d&rsquo;apprentissage, elle fait ainsi figure de support d&rsquo;\u00e9changes entre pairs.<\/p>\n<p>&nbsp;<\/p>\n<hr \/>\n<blockquote>\n<div><em>\u00ab Nous ne sommes pas les fanatiques d\u2019une m\u00e9thode. Nous sommes<\/em><em>, nous l\u2019avons dit, un mouvement <\/em><em>p\u00e9dagogique, un vaste mouvement d\u2019adaptation pratique de notre \u00e9cole aux n\u00e9cessit\u00e9s de l\u2019heure et aux moyens <\/em><em>que nous offre aujourd\u2019hui l\u2019organisation sociale et scientifique. Nous sommes, avant tout, des praticiens qui <\/em><em>tra<\/em><em>vaillons sans id\u00e9e pr\u00e9con\u00e7ue contre telle technique, telle ou telle m\u00e9thode. <\/em><em>\u00bb <\/em><\/div>\n<div><em><strong>C\u00e9lestin Freinet<\/strong><\/em><\/div>\n<\/blockquote>\n<p>&nbsp;<\/p>\n<ul>\n<li><strong>La mission de la plateforme collaborative<\/strong><\/li>\n<\/ul>\n<p style=\"text-align: justify\">Le but de cette plate-forme collaborative est ainsi d&rsquo;offrir <strong>un espace d&rsquo;\u00e9changes<\/strong> et de <strong>ressources<\/strong> vis-\u00e0-vis des initiatives p\u00e9dagogiques, s&rsquo;appuyant sur des situations d&rsquo;apprentissage concr\u00e8tes, afin d&rsquo;<strong>enrichir nos r\u00e9flexions<\/strong>, et <strong>accompagner l&rsquo;\u00e9volution de nos pratiques p\u00e9dagogiques<\/strong>. Il est important de pr\u00e9ciser que cela ne signifie pas d&rsquo;abandonner certaines pratiques, mais d&rsquo;\u00e9largir la gamme des approches, m\u00e9thodes et outils p\u00e9dagogiques mobilisables en fonction des objectifs d&rsquo;apprentissage vis\u00e9s.<\/p>\n<ul>\n<li><strong>Comment \u00e7a marche ?<\/strong><\/li>\n<\/ul>\n<p><img loading=\"lazy\" decoding=\"async\" class=\"wp-image-770 aligncenter\" src=\"http:\/\/www.supagro.fr\/wordpress\/initiativespedagogiques\/files\/2018\/01\/Saisir.png\" alt=\"\" width=\"1333\" height=\"694\" \/> <img loading=\"lazy\" decoding=\"async\" class=\"aligncenter wp-image-771\" src=\"http:\/\/www.supagro.fr\/wordpress\/initiativespedagogiques\/files\/2018\/01\/Rechercher-tem.png\" alt=\"\" width=\"1333\" height=\"825\" \/><\/p>\n<p>&nbsp;<\/p>\n<p>&nbsp;<\/p>\n<p>&nbsp;<\/p>\n<p><img loading=\"lazy\" decoding=\"async\" class=\"aligncenter wp-image-769\" src=\"http:\/\/www.supagro.fr\/wordpress\/initiativespedagogiques\/files\/2018\/01\/Se-docu.png\" alt=\"\" width=\"1333\" height=\"963\" \/><\/p>\n<p><img loading=\"lazy\" decoding=\"async\" class=\"aligncenter wp-image-772\" src=\"http:\/\/www.supagro.fr\/wordpress\/initiativespedagogiques\/files\/2018\/01\/deposer.png\" alt=\"\" width=\"1333\" height=\"894\" \/><\/p>\n<h4 style=\"text-align: center\"><\/h4>\n<h4><\/h4>\n<h4><\/h4>\n<h4><\/h4>\n<h4 style=\"text-align: center\"><\/h4>\n<p>&nbsp;<\/p>\n<p>&nbsp;<\/p>\n","protected":false},"excerpt":{"rendered":"<p>BIENVENUE &nbsp; Bienvenue dans l&rsquo;antre de notre nouvel espace collaboratif : une plateforme d&rsquo;\u00e9changes sur les pratiques et ressources p\u00e9dagogiques, destin\u00e9e au personnel p\u00e9dagogique de l&rsquo;Institut National d&rsquo;\u00c9tudes Sup\u00e9rieures Agronomiques de Montpellier. Aliment\u00e9e par nos t\u00e9moignages, par nos questionnements face \u00e0 des situations d&rsquo;apprentissage, elle fait ainsi figure de support d&rsquo;\u00e9changes entre pairs. &nbsp; \u00ab Nous ne sommes pas les<\/p>\n","protected":false},"author":154,"featured_media":0,"parent":0,"menu_order":0,"comment_status":"closed","ping_status":"closed","template":"","meta":{"_exactmetrics_skip_tracking":false,"_exactmetrics_sitenote_active":false,"_exactmetrics_sitenote_note":"","_exactmetrics_sitenote_category":0,"footnotes":""},"class_list":["post-96","page","type-page","status-publish","hentry"],"post_mailing_queue_ids":[],"_links":{"self":[{"href":"https:\/\/www.supagro.fr\/wordpress\/initiativespedagogiques\/wp-json\/wp\/v2\/pages\/96","targetHints":{"allow":["GET"]}}],"collection":[{"href":"https:\/\/www.supagro.fr\/wordpress\/initiativespedagogiques\/wp-json\/wp\/v2\/pages"}],"about":[{"href":"https:\/\/www.supagro.fr\/wordpress\/initiativespedagogiques\/wp-json\/wp\/v2\/types\/page"}],"author":[{"embeddable":true,"href":"https:\/\/www.supagro.fr\/wordpress\/initiativespedagogiques\/wp-json\/wp\/v2\/users\/154"}],"replies":[{"embeddable":true,"href":"https:\/\/www.supagro.fr\/wordpress\/initiativespedagogiques\/wp-json\/wp\/v2\/comments?post=96"}],"version-history":[{"count":7,"href":"https:\/\/www.supagro.fr\/wordpress\/initiativespedagogiques\/wp-json\/wp\/v2\/pages\/96\/revisions"}],"predecessor-version":[{"id":773,"href":"https:\/\/www.supagro.fr\/wordpress\/initiativespedagogiques\/wp-json\/wp\/v2\/pages\/96\/revisions\/773"}],"wp:attachment":[{"href":"https:\/\/www.supagro.fr\/wordpress\/initiativespedagogiques\/wp-json\/wp\/v2\/media?parent=96"}],"curies":[{"name":"wp","href":"https:\/\/api.w.org\/{rel}","templated":true}]}}