{"id":2434,"date":"2017-03-28T14:40:18","date_gmt":"2017-03-28T12:40:18","guid":{"rendered":"http:\/\/www.supagro.fr\/wordpress\/modeleco\/?page_id=2434"},"modified":"2018-03-20T17:41:38","modified_gmt":"2018-03-20T16:41:38","slug":"comment-ca-marche","status":"publish","type":"page","link":"https:\/\/www.supagro.fr\/wordpress\/modeleco\/comment-ca-marche\/","title":{"rendered":"Comment \u00e7a marche ?"},"content":{"rendered":"<p><span style=\"color: #800080\"><strong>Cours d&rsquo;autoformation &#8211; module de base<\/strong><\/span><\/p>\n<p>Il est en acc\u00e8s libre, c&rsquo;est-\u00e0-dire que toutes les personnes qui le souhaitent peuvent se former \u00e0 leur rythme et gratuitement via ce site internet. Le module est divis\u00e9 en 3 s\u00e9quences, divis\u00e9es elles en cours et subdivis\u00e9es en le\u00e7on :<a href=\"http:\/\/www.supagro.fr\/wordpress\/modeleco\/complements-utiles\/plan\/\"> sommaire du cours d&rsquo;autoformation<\/a>. Dans chaque le\u00e7on vous trouverez une vid\u00e9o (diaporama sonoris\u00e9) contenant des \u00e9l\u00e9ments th\u00e9oriques et des \u00e9l\u00e9ments de langage GAMS, et des activit\u00e9s de compr\u00e9hension et d&rsquo;application. Certaines activit\u00e9s reprennent des mod\u00e8les \u00e9crits dans les le\u00e7ons pr\u00e9c\u00e9dentes. Si vous n&rsquo;avez pas r\u00e9ussi \u00e0 \u00e9crire le mod\u00e8le ou si vous voulez repartir d&rsquo;un mod\u00e8le corrig\u00e9, vous pouvez le trouver dans la<a href=\"http:\/\/www.supagro.fr\/wordpress\/modeleco\/complements-utiles\/bibliotheque-des-modeles\/\"> Biblioth\u00e8que des mod\u00e8les<\/a>.<br \/>\nUn premier parcours de base de 20 heures environ vous est propos\u00e9. Il est not\u00e9 <img loading=\"lazy\" decoding=\"async\" src=\"http:\/\/www.supagro.fr\/wordpress\/modeleco\/files\/2017\/11\/N1-1.png\" alt=\"\" width=\"30\" height=\"29\" \/>. Le parcours complet not\u00e9\u00a0<img loading=\"lazy\" decoding=\"async\" src=\"http:\/\/www.supagro.fr\/wordpress\/modeleco\/files\/2017\/11\/N2.png\" alt=\"\" width=\"30\" height=\"29\" \/> correspond \u00e0 environ 35 heures d&rsquo;apprentissage.<\/p>\n<p><a href=\"http:\/\/www.supagro.fr\/wordpress\/modeleco\/modules-avances-accueil\/\"><span style=\"color: #800080\"><strong>Les modules avanc\u00e9s<\/strong><\/span><\/a><\/p>\n<p>Destin\u00e9s aux enseignants ou aux chercheurs, ils comprennent des mat\u00e9riaux p\u00e9dagogiques (textes de cours, exercices, exemples en GAMS) qui permettent de construire un enseignement ou d&rsquo;approfondir une question. Ils traitent de th\u00e9matiques qui font actuellement l&rsquo;objet de travaux de recherche et sont accompagn\u00e9s d&rsquo;une illustration \u00e0 partir d&rsquo;un article scientifique. Ils ne proposent pas de parcours p\u00e9dagogiques. C&rsquo;est au lecteur d&rsquo;en faire l&rsquo;usage qu&rsquo;il le souhaite. Ces modules sont en acc\u00e8s gratuit apr\u00e8s inscription via le <a href=\"http:\/\/www.supagro.fr\/wordpress\/modeleco\/seminaire\/formulaire-dinscription\/\">formulaire<\/a>.<\/p>\n<p>Cinq modules sont actuellement disponibles :<br \/>\n&#8211; Mod\u00e8le de m\u00e9nage<br \/>\n&#8211; Mod\u00e8le bio\u00e9conomique<br \/>\n&#8211; \u00c9conomie comportementale et programmation multicrit\u00e8re<br \/>\n&#8211; Mod\u00e8le r\u00e9gional<br \/>\n&#8211; Mod\u00e8le global<\/p>\n<p>En plus \u00e0 votre disposition,<\/p>\n<p><img loading=\"lazy\" decoding=\"async\" class=\"wp-image-754 alignleft\" src=\"http:\/\/www.supagro.fr\/wordpress\/modeleco\/files\/2016\/07\/bubbles_AB.png\" alt=\"bubbles_AB\" width=\"129\" height=\"118\" \/><\/p>\n<p>un <a href=\"http:\/\/www.supagro.fr\/wordpress\/modeleco\/forum\/\"><strong>Forum<\/strong><\/a> sur lequel vous pouvez pour chaque le\u00e7on laisser un commentaire, poser un question et surtout r\u00e9pondre \u00e0 celles de vos camarades<\/p>\n<p>&nbsp;<\/p>\n<p>&nbsp;<\/p>\n<p>et dans les <a href=\"http:\/\/www.supagro.fr\/wordpress\/modeleco\/complements-utiles\/\"><span style=\"color: #800080\"><strong>Compl\u00e9ments utiles<\/strong><\/span><\/a> :<\/p>\n<p><img loading=\"lazy\" decoding=\"async\" class=\"size-full wp-image-2421 alignright\" src=\"http:\/\/www.supagro.fr\/wordpress\/modeleco\/files\/2016\/10\/gams_new.png\" alt=\"\" width=\"284\" height=\"85\" \/><br \/>\nLe guide d&rsquo;<span style=\"color: #800080\"><a style=\"color: #800080\" href=\"http:\/\/www.supagro.fr\/wordpress\/modeleco\/complements-utiles\/installation-de-gams\/\"><strong>installation du logiciel GAMS<\/strong><\/a><\/span><\/p>\n<p><a href=\"http:\/\/www.supagro.fr\/wordpress\/modeleco\/bibliotheque-des-modeles\/\"><br \/>\n<\/a><img loading=\"lazy\" decoding=\"async\" class=\"wp-image-699 alignleft\" src=\"http:\/\/www.supagro.fr\/wordpress\/modeleco\/files\/2016\/07\/livres.jpg\" alt=\"livres\" width=\"121\" height=\"107\" \/><\/p>\n<p>La<span style=\"color: #800080\"><a href=\"http:\/\/www.supagro.fr\/wordpress\/modeleco\/complements-utiles\/bibliotheque-des-modeles\/\"> <strong>Biblioth\u00e8que des mod\u00e8les<\/strong><\/a>,<\/span> o\u00f9 vous trouverez des mod\u00e8les vus et faits pendant l&rsquo;autoformation.<\/p>\n<p><img loading=\"lazy\" decoding=\"async\" class=\"size-full wp-image-308 alignright\" src=\"http:\/\/www.supagro.fr\/wordpress\/modeleco\/files\/2016\/07\/lexique.png\" alt=\"lexique\" width=\"146\" height=\"50\" \/><br \/>\nLe<a href=\"http:\/\/www.supagro.fr\/wordpress\/modeleco\/complements-utiles\/lexique-de-gams\/\"><span style=\"color: #800080\"> <strong>Lexique de GAMS<\/strong><\/span><\/a> qui r\u00e9pertorie toutes les commandes et mots r\u00e9serv\u00e9s de GAMS, une d\u00e9finition et le plus souvent renvoie \u00e0 une activit\u00e9 ou \u00e0 un mod\u00e8le pour l\u2019illustrer.<\/p>\n<p>&nbsp;<\/p>\n","protected":false},"excerpt":{"rendered":"<p>Cours d&rsquo;autoformation &#8211; module de base Il est en acc\u00e8s libre, c&rsquo;est-\u00e0-dire que toutes les personnes qui le souhaitent peuvent se former \u00e0 leur rythme et gratuitement via ce site internet. Le module est divis\u00e9 en 3 s\u00e9quences, divis\u00e9es elles <a class=\"more-link\" href=\"https:\/\/www.supagro.fr\/wordpress\/modeleco\/comment-ca-marche\/\">Continuer la lecture <span class=\"screen-reader-text\">  Comment \u00e7a marche ?<\/span><span class=\"meta-nav\">&rarr;<\/span><\/a><\/p>\n","protected":false},"author":92,"featured_media":0,"parent":0,"menu_order":0,"comment_status":"closed","ping_status":"closed","template":"","meta":{"footnotes":""},"class_list":["post-2434","page","type-page","status-publish","hentry"],"_links":{"self":[{"href":"https:\/\/www.supagro.fr\/wordpress\/modeleco\/wp-json\/wp\/v2\/pages\/2434","targetHints":{"allow":["GET"]}}],"collection":[{"href":"https:\/\/www.supagro.fr\/wordpress\/modeleco\/wp-json\/wp\/v2\/pages"}],"about":[{"href":"https:\/\/www.supagro.fr\/wordpress\/modeleco\/wp-json\/wp\/v2\/types\/page"}],"author":[{"embeddable":true,"href":"https:\/\/www.supagro.fr\/wordpress\/modeleco\/wp-json\/wp\/v2\/users\/92"}],"replies":[{"embeddable":true,"href":"https:\/\/www.supagro.fr\/wordpress\/modeleco\/wp-json\/wp\/v2\/comments?post=2434"}],"version-history":[{"count":21,"href":"https:\/\/www.supagro.fr\/wordpress\/modeleco\/wp-json\/wp\/v2\/pages\/2434\/revisions"}],"predecessor-version":[{"id":3878,"href":"https:\/\/www.supagro.fr\/wordpress\/modeleco\/wp-json\/wp\/v2\/pages\/2434\/revisions\/3878"}],"wp:attachment":[{"href":"https:\/\/www.supagro.fr\/wordpress\/modeleco\/wp-json\/wp\/v2\/media?parent=2434"}],"curies":[{"name":"wp","href":"https:\/\/api.w.org\/{rel}","templated":true}]}}