{"id":304,"date":"2016-07-20T09:14:07","date_gmt":"2016-07-20T07:14:07","guid":{"rendered":"http:\/\/www.supagro.fr\/wordpress\/modeleco\/?page_id=304"},"modified":"2018-03-30T15:16:46","modified_gmt":"2018-03-30T13:16:46","slug":"bienvenue","status":"publish","type":"page","link":"https:\/\/www.supagro.fr\/wordpress\/modeleco\/","title":{"rendered":"Bienvenue sur ModelEco !"},"content":{"rendered":"<p><span style=\"color: #800080;font-size: 120%\"><strong>\u00a0Site d&rsquo;autoformation et de formation approfondie en programmation math\u00e9matique pour l&rsquo;analyse \u00e9conomique de l&rsquo;agriculture.<\/strong><\/span><\/p>\n<p>Vous trouverez\u00a0 :<\/p>\n<p><span style=\"color: #800080\"><strong>&#8211;<\/strong><\/span> Un <a href=\"http:\/\/www.supagro.fr\/wordpress\/modeleco\/auto-formation\/\"><span style=\"color: #993366\"><strong><span style=\"color: #800080\">cours d&rsquo;<\/span><\/strong><\/span><span style=\"color: #800080\"><strong>autoformation<\/strong><\/span><\/a> destin\u00e9 aux \u00e9tudiants, doctorants et chercheurs d\u00e9sirant apprendre \u00e0 mod\u00e9liser des probl\u00e8mes d&rsquo;\u00e9conomie agricole et de l&rsquo;environnement<strong>, <\/strong>\u00e0 comprendre ces mod\u00e8les et \u00e0 interpr\u00e9ter les r\u00e9sultats -&gt; acc\u00e8s libre<\/p>\n<p><span style=\"color: #800080\"><strong>&#8211;<\/strong><\/span> Des<a href=\"http:\/\/www.supagro.fr\/wordpress\/modeleco\/modules-avances\/\"><span style=\"color: #800080\"><strong> modules avanc\u00e9s<\/strong><\/span><\/a> comprenant des mat\u00e9riels p\u00e9dagogiques destin\u00e9s \u00e0 des professeurs d\u00e9sirant enseigner des cours d\u2019approfondissement sur les th\u00e9matiques suivantes : m\u00e9nage agricole, bio\u00e9conomie, \u00e9conomie comportementale, mod\u00e8le r\u00e9gional, mod\u00e8le global -&gt; acc\u00e8s gratuit apr\u00e8s inscription<\/p>\n<h5 style=\"text-align: center;font-size: 140%\"><a href=\"http:\/\/www.supagro.fr\/wordpress\/modeleco\/comment-ca-marche\/\"><strong>Comment \u00e7a marche ?<\/strong><\/a><\/h5>\n<p>&nbsp;<\/p>\n<p style=\"text-align: center\"><em><a href=\"https:\/\/www.supagro.fr\/ModelEco\/modules_avances\/videos\/ModelEco_Intro_Jacquet.mp4\" rel=\"attachment wp-att-4035\"><img loading=\"lazy\" decoding=\"async\" class=\"aligncenter\" src=\"http:\/\/www.supagro.fr\/wordpress\/modeleco\/files\/2018\/03\/florenceLecture.png\" alt=\"\" width=\"244\" height=\"159\" \/><\/a>Florence Jacquet : Le projet<\/em><\/p>\n","protected":false},"excerpt":{"rendered":"<p>\u00a0Site d&rsquo;autoformation et de formation approfondie en programmation math\u00e9matique pour l&rsquo;analyse \u00e9conomique de l&rsquo;agriculture. Vous trouverez\u00a0 : &#8211; Un cours d&rsquo;autoformation destin\u00e9 aux \u00e9tudiants, doctorants et chercheurs d\u00e9sirant apprendre \u00e0 mod\u00e9liser des probl\u00e8mes d&rsquo;\u00e9conomie agricole et de l&rsquo;environnement, \u00e0 comprendre <a class=\"more-link\" href=\"https:\/\/www.supagro.fr\/wordpress\/modeleco\/\">Continuer la lecture <span class=\"screen-reader-text\">  Bienvenue sur ModelEco !<\/span><span class=\"meta-nav\">&rarr;<\/span><\/a><\/p>\n","protected":false},"author":92,"featured_media":0,"parent":0,"menu_order":0,"comment_status":"closed","ping_status":"closed","template":"page-onecolumn.php","meta":{"footnotes":""},"class_list":["post-304","page","type-page","status-publish","hentry"],"_links":{"self":[{"href":"https:\/\/www.supagro.fr\/wordpress\/modeleco\/wp-json\/wp\/v2\/pages\/304","targetHints":{"allow":["GET"]}}],"collection":[{"href":"https:\/\/www.supagro.fr\/wordpress\/modeleco\/wp-json\/wp\/v2\/pages"}],"about":[{"href":"https:\/\/www.supagro.fr\/wordpress\/modeleco\/wp-json\/wp\/v2\/types\/page"}],"author":[{"embeddable":true,"href":"https:\/\/www.supagro.fr\/wordpress\/modeleco\/wp-json\/wp\/v2\/users\/92"}],"replies":[{"embeddable":true,"href":"https:\/\/www.supagro.fr\/wordpress\/modeleco\/wp-json\/wp\/v2\/comments?post=304"}],"version-history":[{"count":62,"href":"https:\/\/www.supagro.fr\/wordpress\/modeleco\/wp-json\/wp\/v2\/pages\/304\/revisions"}],"predecessor-version":[{"id":4037,"href":"https:\/\/www.supagro.fr\/wordpress\/modeleco\/wp-json\/wp\/v2\/pages\/304\/revisions\/4037"}],"wp:attachment":[{"href":"https:\/\/www.supagro.fr\/wordpress\/modeleco\/wp-json\/wp\/v2\/media?parent=304"}],"curies":[{"name":"wp","href":"https:\/\/api.w.org\/{rel}","templated":true}]}}