{"id":3658,"date":"2017-12-01T16:00:43","date_gmt":"2017-12-01T15:00:43","guid":{"rendered":"http:\/\/www.supagro.fr\/wordpress\/modeleco\/?page_id=3658"},"modified":"2017-12-01T16:16:32","modified_gmt":"2017-12-01T15:16:32","slug":"activite-16-modele-elevage-laitier-ecrire-un-modele-delevage-laitier-2","status":"publish","type":"page","link":"https:\/\/www.supagro.fr\/wordpress\/modeleco\/auto-formation\/sequence2\/cours2-des-specificites-du-modele-agricole\/lecon-15-l-elevage\/activite-16-modele-elevage-laitier-ecrire-un-modele-delevage-laitier-2\/","title":{"rendered":"Activit\u00e9 16 : Mod\u00e8le \u00ab\u00a0\u00c9levage laitier\u00a0\u00bb &#8211; \u00c9crire un mod\u00e8le d&rsquo;\u00e9levage laitier -2"},"content":{"rendered":"<h4 style=\"text-align: right\"><span style=\"text-decoration: underline\">Dur\u00e9e : environ 50 minutes<\/span><\/h4>\n<p>&nbsp;<\/p>\n<p><strong>L\u2019\u00e9nonc\u00e9 suivant permet la construction d\u2019un mod\u00e8le d\u2019exploitation laiti\u00e8re. Ecrivez le mod\u00e8le que vous pouvez appeler elevageLait_1.gms, v\u00e9rifiez qu\u2019il est correct puis r\u00e9pondez aux questions ci-dessous.<\/strong><\/p>\n<p><em>\u00ab\u00a0L\u2019exploitation laiti\u00e8re de M. Quatresabots est situ\u00e9e dans l\u2019Ouest de la France. C\u2019est une exploitation de 50 ha dont 30 ha de terres labourables et 20 ha de prairies permanentes. Sur les terres labourables, l\u2019exploitant peut faire du bl\u00e9 (pour vendre) ou\/et du ma\u00efs. Le ma\u00efs est enti\u00e8rement utilis\u00e9 sous forme d\u2019ensilage pour l\u2019alimentation des vaches laiti\u00e8res. Les prairies permanentes ne peuvent pas \u00eatre retourn\u00e9es (r\u00e8gles du verdissement de la PAC). Chaque hectare de prairie est p\u00e2tur\u00e9 puis fauch\u00e9 pour produire du foin et de l\u2019enrubann\u00e9.<\/em><\/p>\n<p><em>Les vaches sont au p\u00e2turage durant 6 mois (d\u00e9but avril \u2013 fin septembre). Durant la p\u00e9riode hivernale, elles sont nourries \u00e0 base d\u2019ensilage de ma\u00efs (produit sur la ferme) et compl\u00e9ment\u00e9es par du tourteau de soja (achet\u00e9). Les g\u00e9nisses sont nourries par le p\u00e2turage, le foin et l\u2019enrubann\u00e9.<\/em><\/p>\n<p><em>La production moyenne par vache laiti\u00e8re est de 7000 litres (L) de lait par an.<\/em><\/p>\n<p><em><strong>Productions v\u00e9g\u00e9tales<\/strong><\/em><\/p>\n<table>\n<tbody>\n<tr>\n<td width=\"109\"><\/td>\n<td width=\"154\"><strong><em>Rendement (t \/ha)<\/em><\/strong><\/td>\n<td width=\"219\"><em><strong>Charges op\u00e9rationnelles<a href=\"#_ftn1\" name=\"_ftnref1\"><\/a>(\u20ac \/ha)<\/strong><\/em><\/td>\n<\/tr>\n<tr>\n<td width=\"109\"><strong><em>Bl\u00e9<\/em><\/strong><\/td>\n<td width=\"154\"><em>6<\/em><\/td>\n<td width=\"219\"><em>600<\/em><\/td>\n<\/tr>\n<\/tbody>\n<\/table>\n<table>\n<tbody>\n<tr>\n<td width=\"109\"><\/td>\n<td width=\"109\"><strong>Fourrages<\/strong><\/td>\n<td width=\"154\"><strong><em>Rendement fourragers(t \/ha)<\/em><\/strong><\/td>\n<td width=\"219\"><em><strong>Charges op\u00e9rationnelles<a href=\"#_ftn1\" name=\"_ftnref1\"><\/a>(\u20ac \/ha)<\/strong><\/em><\/td>\n<\/tr>\n<tr>\n<td width=\"109\"><strong><em>Ma\u00efs<br \/>\n<\/em><\/strong><\/td>\n<td>Ma\u00efs ensilage<\/td>\n<td width=\"154\"><em>11.0<\/em><\/td>\n<td width=\"219\"><em>620<\/em><\/td>\n<\/tr>\n<tr>\n<td rowspan=\"3\" width=\"109\"><strong><em>Prairie<\/em><\/strong><\/td>\n<td width=\"154\"><em>P\u00e2turage<br \/>\n<\/em><\/td>\n<td>5<\/td>\n<td rowspan=\"3\" width=\"219\"><em><br \/>\n300<\/em><\/td>\n<\/tr>\n<tr>\n<td width=\"154\"><em>Foin<\/em><\/td>\n<td>4.5<\/td>\n<\/tr>\n<tr>\n<td width=\"154\"><em>Enrubann\u00e9<\/em><\/td>\n<td>2.2<\/td>\n<\/tr>\n<\/tbody>\n<\/table>\n<p><em>Le ma\u00efs est utilis\u00e9 uniquement pour les animaux, le bl\u00e9 est vendu. Chaque hectare de prairie est p\u00e2tur\u00e9 puis fauch\u00e9 pour produire du foin et de l\u2019enrubann\u00e9.<\/em><\/p>\n<p><em><strong>Activit\u00e9s animales<\/strong><\/em><\/p>\n<p><em>On dispose d\u2019indicateurs technico-\u00e9conomiques sur le fonctionnement du troupeau : param\u00e8tres de conduite du troupeau et besoins alimentaires du troupeau.<\/em><\/p>\n<p><em><strong>Conduite du troupeau, reproduction, r\u00e9forme<\/strong><\/em><\/p>\n<p><img loading=\"lazy\" decoding=\"async\" class=\"alignnone wp-image-3661\" src=\"http:\/\/www.supagro.fr\/wordpress\/modeleco\/files\/2017\/12\/elevageSchema.png\" alt=\"\" width=\"369\" height=\"195\" \/><\/p>\n<p><em>Chaque vache donne naissance \u00e0 0,9 veaux par an qui sont soit vendus (VEAU) soit gard\u00e9s pour le renouvellement (GENISSE). Chaque ann\u00e9e, 0,3 vaches sont vendues comme vaches de r\u00e9forme et remplac\u00e9es par les g\u00e9nisses gard\u00e9es. Le taux de r\u00e9forme est \u00e9gal au taux de renouvellement<\/em><\/p>\n<p><em><strong>Besoins alimentation <\/strong><\/em><\/p>\n<p><em>Les animaux sont nourris \u00e0 la fois par des aliments produits sur l\u2019exploitation et par des aliments achet\u00e9s. Les besoins ont \u00e9t\u00e9 estim\u00e9s pour les vaches et les g\u00e9nisses. <\/em><\/p>\n<p><em><strong>R\u00e9gime alimentaire \u00ab\u00a0herbe\u00a0\u00bb<br \/>\n<\/strong><\/em><\/p>\n<table width=\"496\">\n<tbody>\n<tr>\n<td width=\"158\"><em><strong> Fourrages produits<\/strong><\/em><\/td>\n<td width=\"151\"><em><strong>Vaches<\/strong><\/em><\/td>\n<td width=\"187\"><em><strong>G\u00e9nisses<\/strong> (ce sont les besoins des g\u00e9nisses jusqu&rsquo;\u00e0 ce qu&rsquo;elles v\u00ealent)<strong><br \/>\n<\/strong><\/em><\/td>\n<\/tr>\n<tr>\n<td width=\"158\"><em>Foin<\/em><\/td>\n<td width=\"151\"><\/td>\n<td width=\"187\"><em>2 t \/an<\/em><\/td>\n<\/tr>\n<tr>\n<td width=\"158\"><em>Enrubannage<\/em><\/td>\n<td width=\"151\"><\/td>\n<td width=\"187\"><em>2,6 t \/an<\/em><\/td>\n<\/tr>\n<tr>\n<td width=\"158\"><em>P\u00e2ture<\/em><\/td>\n<td width=\"151\"><em>1.5 t\/an<\/em><\/td>\n<td width=\"187\"><em>2.5 t\/an<\/em><\/td>\n<\/tr>\n<tr>\n<td width=\"158\"><em>Ma\u00efs<\/em><\/td>\n<td width=\"151\"><em>1 t \/ an<\/em><\/td>\n<td width=\"187\"><\/td>\n<\/tr>\n<tr>\n<td width=\"158\"><em><strong>Compl\u00e9ments achet\u00e9s<\/strong><\/em><\/td>\n<td width=\"151\"><em><strong>Vaches<\/strong><\/em><\/td>\n<td width=\"187\"><em><strong>G\u00e9nisses<\/strong><\/em><\/td>\n<\/tr>\n<tr>\n<td width=\"158\"><em><strong>Soja<\/strong><\/em><\/td>\n<td width=\"151\"><em>0,45 t \/an<\/em><\/td>\n<td width=\"187\"><\/td>\n<\/tr>\n<\/tbody>\n<\/table>\n<p><strong><em>Donn\u00e9es technico-\u00e9conomiques<\/em><\/strong><\/p>\n<p><em>Le prix du lait est de 0,35 \u20ac\/L. Le prix du bl\u00e9 est de 150\u20ac la tonne (T). L\u2019\u00e9leveur est soumis \u00e0 un quota laitier qui limite la production de lait annuelle \u00e0 300\u00a0000 L.<\/em><\/p>\n<p><em>Le prix du soja achet\u00e9 est de 360 \u20ac\/t<\/em><\/p>\n<p><em>Prix des produits\u00a0Viande\u00a0:<br \/>\nVaches\u00a0: 800\u20ac\/vache<br \/>\nVeau\u00a0: 170 \u20ac\/ veau<\/em><\/p>\n<p><em>Les autres charges dont les charges de structure (amortissements de b\u00e2timents, &#8230;) sont estim\u00e9es \u00e0 1300 \u20ac par vache et par an quelque soit le r\u00e9gime.<\/em><\/p>\n<p><em>Son objectif est de maximiser son revenu.<\/em><\/p>\n<p><em><strong>\u00a0<\/strong><\/em><\/p>\n<p>Pour vous aider et\/ou avoir le m\u00eame nom pour les donn\u00e9es: <a href=\"http:\/\/www.supagro.fr\/wordpress\/modeleco\/auto-formation\/sequence2\/cours2-des-specificites-du-modele-agricole\/lecon-15-l-elevage\/activite-15-aide\/\" rel=\"attachment wp-att-817\"><img loading=\"lazy\" decoding=\"async\" src=\"http:\/\/www.supagro.fr\/wordpress\/modeleco\/files\/2016\/08\/aide.png\" alt=\"aide\" width=\"104\" height=\"53\" \/><\/a><\/p>\n<h3><\/h3>\n<p>&nbsp;<\/p>\n<h3><strong>Partie A : \u00c9crire le mod\u00e8le<\/strong><\/h3>\n<p><strong>\u00c9crivez le mod\u00e8le ci-dessus. Vous pouvez v\u00e9rifier vous-m\u00eame si les r\u00e9sultats paraissent coh\u00e9rents :<\/strong><\/p>\n<ul>\n<li><strong>Le nombre d\u2019animaux pr\u00e9sents r\u00e9pond \u2013t-il bien aux contraintes li\u00e9es aux taux de renouvellement et de r\u00e9forme ?<\/strong><\/li>\n<li><strong>Les besoins alimentaires sont-ils bien couverts par la production des surfaces cultiv\u00e9es ?<\/strong><\/li>\n<li><strong> L\u2019\u00e9leveur respecte-t-il le quota laitier ?<\/strong><\/li>\n<\/ul>\n<p><strong>Puis v\u00e9rifier la solution : <a href=\"http:\/\/www.supagro.fr\/wordpress\/modeleco\/auto-formation\/sequence2\/cours2-des-specificites-du-modele-agricole\/lecon-15-l-elevage\/activite-15-exploitation-laitiere-solution\/\" rel=\"attachment wp-att-961\"><img loading=\"lazy\" decoding=\"async\" class=\"\" src=\"http:\/\/www.supagro.fr\/wordpress\/modeleco\/files\/2016\/08\/solution.png\" alt=\"solution\" width=\"92\" height=\"45\" \/><\/a><\/strong><\/p>\n<h3><\/h3>\n<p>&nbsp;<\/p>\n<h3><strong>Partie B : Analyser les solutions<\/strong><\/h3>\n<p><strong>\u00c9tudiez les solutions et r\u00e9pondez aux question suivantes :<\/strong><\/p>\n<ul>\n<li><strong>Quelles sont les contraintes satur\u00e9es ?<\/strong><\/li>\n<li><strong>Comment choisit-il entre la production de bl\u00e9 et les cultures destin\u00e9es \u00e0 nourrir les animaux ?<\/strong><\/li>\n<li><strong>Si on calcule, l\u2019agriculteur produit 67 tonnes de foin alors qu\u2019il n\u2019en a besoin que de 25 tonnes pour nourrir ses b\u00eates. Pourquoi en produit-il trop ?<\/strong><\/li>\n<\/ul>\n<p><strong>Puis v\u00e9rifier la solution : <a href=\"http:\/\/www.supagro.fr\/wordpress\/modeleco\/auto-formation\/sequence2\/cours2-des-specificites-du-modele-agricole\/lecon-15-l-elevage\/activite-15-exploitation-laitiere-solution-partie-b\/\" rel=\"attachment wp-att-961\"><img loading=\"lazy\" decoding=\"async\" class=\"\" src=\"http:\/\/www.supagro.fr\/wordpress\/modeleco\/files\/2016\/08\/solution.png\" alt=\"solution\" width=\"92\" height=\"45\" \/><\/a><\/strong><br \/>\n<a href=\"http:\/\/www.supagro.fr\/wordpress\/modeleco\/auto-formation\/sequence2\/cours2-des-specificites-du-modele-agricole\/\"><img loading=\"lazy\" decoding=\"async\" class=\"alignright\" src=\"http:\/\/www.supagro.fr\/wordpress\/modeleco\/files\/2016\/07\/retourAuSommaireDuCours.png\" alt=\"retourAuSommaireDuCours\" width=\"200\" height=\"54\" \/><\/a><\/p>\n","protected":false},"excerpt":{"rendered":"<p>Dur\u00e9e : environ 50 minutes &nbsp; L\u2019\u00e9nonc\u00e9 suivant permet la construction d\u2019un mod\u00e8le d\u2019exploitation laiti\u00e8re. Ecrivez le mod\u00e8le que vous pouvez appeler elevageLait_1.gms, v\u00e9rifiez qu\u2019il est correct puis r\u00e9pondez aux questions ci-dessous. \u00ab\u00a0L\u2019exploitation laiti\u00e8re de M. Quatresabots est situ\u00e9e dans <a class=\"more-link\" href=\"https:\/\/www.supagro.fr\/wordpress\/modeleco\/auto-formation\/sequence2\/cours2-des-specificites-du-modele-agricole\/lecon-15-l-elevage\/activite-16-modele-elevage-laitier-ecrire-un-modele-delevage-laitier-2\/\">Continuer la lecture <span class=\"screen-reader-text\">  Activit\u00e9 16 : Mod\u00e8le \u00ab\u00a0\u00c9levage laitier\u00a0\u00bb &#8211; \u00c9crire un mod\u00e8le d&rsquo;\u00e9levage laitier -2<\/span><span class=\"meta-nav\">&rarr;<\/span><\/a><\/p>\n","protected":false},"author":92,"featured_media":0,"parent":1497,"menu_order":0,"comment_status":"closed","ping_status":"closed","template":"","meta":{"footnotes":""},"class_list":["post-3658","page","type-page","status-publish","hentry"],"_links":{"self":[{"href":"https:\/\/www.supagro.fr\/wordpress\/modeleco\/wp-json\/wp\/v2\/pages\/3658","targetHints":{"allow":["GET"]}}],"collection":[{"href":"https:\/\/www.supagro.fr\/wordpress\/modeleco\/wp-json\/wp\/v2\/pages"}],"about":[{"href":"https:\/\/www.supagro.fr\/wordpress\/modeleco\/wp-json\/wp\/v2\/types\/page"}],"author":[{"embeddable":true,"href":"https:\/\/www.supagro.fr\/wordpress\/modeleco\/wp-json\/wp\/v2\/users\/92"}],"replies":[{"embeddable":true,"href":"https:\/\/www.supagro.fr\/wordpress\/modeleco\/wp-json\/wp\/v2\/comments?post=3658"}],"version-history":[{"count":6,"href":"https:\/\/www.supagro.fr\/wordpress\/modeleco\/wp-json\/wp\/v2\/pages\/3658\/revisions"}],"predecessor-version":[{"id":3666,"href":"https:\/\/www.supagro.fr\/wordpress\/modeleco\/wp-json\/wp\/v2\/pages\/3658\/revisions\/3666"}],"up":[{"embeddable":true,"href":"https:\/\/www.supagro.fr\/wordpress\/modeleco\/wp-json\/wp\/v2\/pages\/1497"}],"wp:attachment":[{"href":"https:\/\/www.supagro.fr\/wordpress\/modeleco\/wp-json\/wp\/v2\/media?parent=3658"}],"curies":[{"name":"wp","href":"https:\/\/api.w.org\/{rel}","templated":true}]}}