{"id":518,"date":"2016-07-27T10:54:40","date_gmt":"2016-07-27T08:54:40","guid":{"rendered":"http:\/\/www.supagro.fr\/wordpress\/modeleco\/?page_id=518"},"modified":"2024-07-31T16:29:45","modified_gmt":"2024-07-31T14:29:45","slug":"quiz_1b","status":"publish","type":"page","link":"https:\/\/www.supagro.fr\/wordpress\/modeleco\/auto-formation\/sequence1\/cours1-optimiser-sous-contraintes\/quiz_1b\/","title":{"rendered":"Quiz 1B : Optimisation de la formulation d&rsquo;aliments pour animaux"},"content":{"rendered":"<p style=\"text-align: right\"><span style=\"font-size: 20px\"> <u>Dur\u00e9e : environ 10 minutes<\/u><\/span><\/p>\n<script>\n                            if (window.qmn_quiz_data === undefined) {\n                                    window.qmn_quiz_data = new Object();\n                            }\n                    <\/script><script>window.qmn_quiz_data[\"10\"] = {\"quiz_id\":\"10\",\"quiz_name\":\"Quiz 1B : Optimisation de la formulation d\\u2019aliments pour animaux\",\"disable_answer\":0,\"ajax_show_correct\":0,\"progress_bar\":\"0\",\"contact_info_location\":0,\"qpages\":{\"1\":{\"id\":\"1\",\"quizID\":\"10\",\"pagekey\":\"hL7XMUhX\",\"hide_prevbtn\":\"0\"}},\"skip_validation_time_expire\":0,\"timer_limit_val\":0,\"disable_scroll_next_previous_click\":0,\"disable_scroll_on_result\":0,\"disable_first_page\":\"0\",\"enable_result_after_timer_end\":0,\"enable_quick_result_mc\":0,\"end_quiz_if_wrong\":0,\"form_disable_autofill\":0,\"disable_mathjax\":0,\"enable_quick_correct_answer_info\":0,\"quick_result_correct_answer_text\":\"Correct! You have selected correct answer.\",\"quick_result_wrong_answer_text\":\"Wrong! You have selected wrong answer.\",\"quiz_processing_message\":\"\",\"quiz_limit_choice\":\"La limite de choix est atteinte.\",\"not_allow_after_expired_time\":0,\"scheduled_time_end\":false,\"prevent_reload\":0,\"limit_email_based_submission\":0,\"total_user_tries\":0,\"is_logged_in\":false,\"error_messages\":{\"email_error_text\":\"Not a valid e-mail address!\",\"number_error_text\":\"This field must be a number!\",\"incorrect_error_text\":\"The entered text is not correct!\",\"empty_error_text\":\"Please complete all required fields!\",\"contact_field_required_error_text\":\"Please complete all required fields!\",\"url_error_text\":\"The entered URL is not valid!\",\"minlength_error_text\":\"Required atleast %minlength% characters.\",\"maxlength_error_text\":\"Maximum %maxlength% characters allowed.\",\"recaptcha_error_text\":\"ReCaptcha is missing\",\"phone_error_text\":\"Phone number is invalid\"},\"first_page\":false,\"questions_settings\":[]}\n                    <\/script>\t\t<div class='qsm-quiz-container qsm-quiz-container-10 qmn_quiz_container mlw_qmn_quiz  quiz_theme_default  '>\n\t\t\t\t\t\t\t\t<form name=\"quizForm10\" id=\"quizForm10\" action=\"\/wordpress\/modeleco\/wp-json\/wp\/v2\/pages\/518\" method=\"POST\" class=\"qsm-quiz-form qmn_quiz_form mlw_quiz_form\" novalidate enctype=\"multipart\/form-data\">\n\t\t\t\t<input type=\"hidden\" name=\"qsm_hidden_questions\" id=\"qsm_hidden_questions\" value=\"\">\n\t\t\t\t<input type=\"hidden\" name=\"qsm_nonce\" id=\"qsm_nonce_10\" value=\"d3f50c54cf\">\n\t\t\t\t<input type=\"hidden\" name=\"qsm_unique_key\" id=\"qsm_unique_key_10\" value=\"69e449d24d729\">\n\t\t\t\t<div id=\"mlw_error_message\" class=\"qsm-error-message qmn_error_message_section\"><\/div>\n\t\t\t\t<span id=\"mlw_top_of_quiz\"><\/span>\n\t\t\t\t\t\t\t<section class=\"qsm-page \">\n\t\t\t\t\t\t\t\t<div class=\"quiz_section quiz_begin\">\n\t\t\t\t\t\t<div class='qsm-before-message mlw_qmn_message_before'>\n\t\t\t\t<p><em>\u00ab\u00a0Une entreprise d\u2019alimentation animale produit des concentr\u00e9s destin\u00e9s aux bovins \u00e0 partir de diff\u00e9rents types d\u2019ingr\u00e9dients : prot\u00e9agineux (pois), c\u00e9r\u00e9ales (ma\u00efs) et tourteaux (de soja). <\/em><\/p>\n<p><em>\u00a0Les concentr\u00e9s obtenus doivent avoir une teneur garantie minimale en MAT (mati\u00e8res azot\u00e9es totales) et en mati\u00e8res grasses et une teneur maximale garantie en mati\u00e8res min\u00e9rales et cellulose brute.<\/em><\/p>\n<table width=\"381\">\n<tbody>\n<tr>\n<td width=\"127\"><strong>Teneurs minimales garanties<br \/>\n<\/strong><\/td>\n<td width=\"127\"><strong>MAT (g\/kg)<\/strong><\/td>\n<td width=\"127\"><strong>Mati\u00e8res grasses (g\/kg)<\/strong><\/td>\n<\/tr>\n<tr>\n<td width=\"127\">Concentr\u00e9<\/td>\n<td width=\"127\">200<\/td>\n<td width=\"127\">25<\/td>\n<\/tr>\n<\/tbody>\n<\/table>\n<table width=\"384\">\n<tbody>\n<tr>\n<td width=\"122\"><strong>Teneurs maximales garanties<br \/>\n<\/strong><\/td>\n<td width=\"123\"><strong>Mati\u00e8res min\u00e9rales (g\/kg)<\/strong><\/td>\n<td width=\"138\"><strong>Cellulose brute (g\/kg)<\/strong><\/td>\n<\/tr>\n<tr>\n<td width=\"122\">Concentr\u00e9<\/td>\n<td width=\"123\">70<\/td>\n<td width=\"138\">65<\/td>\n<\/tr>\n<\/tbody>\n<\/table>\n<p><em>Chaque ingr\u00e9dient a une teneur connue en chacun de ces compos\u00e9s. <\/em><\/p>\n<table width=\"635\">\n<tbody>\n<tr>\n<td width=\"127\"><strong>Teneurs<\/strong><\/td>\n<td width=\"127\"><strong>MAT (g\/kg)<\/strong><\/td>\n<td width=\"127\"><strong>Mati\u00e8res grasses (g\/kg)<\/strong><\/td>\n<td width=\"127\"><strong>Mati\u00e8res min\u00e9rales (g\/kg)<\/strong><\/td>\n<td width=\"127\"><strong>Cellulose brute (g\/kg)<\/strong><\/td>\n<\/tr>\n<tr>\n<td width=\"127\">Ma\u00efs<\/td>\n<td width=\"127\">81<\/td>\n<td width=\"127\">37<\/td>\n<td width=\"127\">12<\/td>\n<td width=\"127\">22<\/td>\n<\/tr>\n<tr>\n<td width=\"127\">Pois<\/td>\n<td width=\"127\">207<\/td>\n<td width=\"127\">10<\/td>\n<td width=\"127\">30<\/td>\n<td width=\"127\">52<\/td>\n<\/tr>\n<tr>\n<td width=\"127\">Tourteau de soja<\/td>\n<td width=\"127\">453<\/td>\n<td width=\"127\">19<\/td>\n<td width=\"127\">64<\/td>\n<td width=\"127\">60<\/td>\n<\/tr>\n<\/tbody>\n<\/table>\n<p><em>Le co\u00fbt du ma\u00efs est de 148\u20ac\/T, celui des pois 195\u20ac\/T et celui des tourteaux de soja de 355\u20ac\/T.\u00a0\u00bb<\/em><\/p>\n<p><em> <span style=\"font-size: 12px\">Source\u00a0: P. Haurez, Utilisation des prot\u00e9agineux dans l\u2019alimentation des bovins viande, synth\u00e8se r\u00e9alis\u00e9e par l\u2019Institut de l\u2019Elevage, 2002.<\/span><\/em><\/p>\n<p><strong>Il est possible d\u2019\u00e9crire un mod\u00e8le de programmation lin\u00e9aire permettant de d\u00e9terminer la formulation optimale du kilo de concentr\u00e9 de fa\u00e7on \u00e0 respecter les teneurs garanties tout en minimisant les co\u00fbts de production.<\/strong><\/p>\n<p><strong>R\u00e9fl\u00e9chissez \u00e0 ce que pourrait \u00eatre ce programme lin\u00e9aire et r\u00e9pondez aux questions puis cliquez sur SUBMIT :<\/strong><\/p>\n\t\t\t\t\t\t<\/div>\n\t\t\t\t\t\t\t\t\t<\/div>\n\t\t\t\t\t\t\t\t\t<div class=\"quiz_section qsm-question-wrapper question-type-0 question-section-id-19 \" data-qid=\"19\">\n\t\t\t\t\t\t<div class='mlw_qmn_new_question'>Comment \u00e9crire de fa\u00e7on alg\u00e9brique la phrase \u00ab l\u2019objectif de l\u2019entreprise est de minimiser ses couts de production \u00bb ? <\/div>\n\t\t\t<div class='mlw_qmn_question  qsm_remove_bold' >\n\t\t<p><\/p>\n\t<\/div>\n\t\t<fieldset>\n\t\t<legend><\/legend>\n\t<div class='qmn_radio_answers '>\n\t\t\t\t\t\t\t\t<div class=\"qmn_mc_answer_wrap  mrq_checkbox_class\" id=\"question19-1 \">\n\t\t\t\t\t\t\t\t\t\t\t<input type='radio' class='qmn_quiz_radio qmn-multiple-choice-input ' name=\"question19\" id=\"question19_1\" value=\"0\" \/>\n\t\t\t\t\t<label class=\"qsm-input-label\" for=\"question19_1\">\n\t\t\t\t\tMin C = (148M+195P+355T)\/1000\t\t\t\t\t<\/label>\n\t\t\t\t\t \t\t\t\t<\/div>\n\t\t\t\t\t\t\t\t\t\t\t<div class=\"qmn_mc_answer_wrap  mrq_checkbox_class\" id=\"question19-2 \">\n\t\t\t\t\t\t\t\t\t\t\t<input type='radio' class='qmn_quiz_radio qmn-multiple-choice-input ' name=\"question19\" id=\"question19_2\" value=\"1\" \/>\n\t\t\t\t\t<label class=\"qsm-input-label\" for=\"question19_2\">\n\t\t\t\t\tMin C = (P+M+S)\/1000\t\t\t\t\t<\/label>\n\t\t\t\t\t \t\t\t\t<\/div>\n\t\t\t\t\t\t\t\t\t\t\t<div class=\"qmn_mc_answer_wrap  mrq_checkbox_class\" id=\"question19-3 \">\n\t\t\t\t\t\t\t\t\t\t\t<input type='radio' class='qmn_quiz_radio qmn-multiple-choice-input ' name=\"question19\" id=\"question19_3\" value=\"2\" \/>\n\t\t\t\t\t<label class=\"qsm-input-label\" for=\"question19_3\">\n\t\t\t\t\tMax C = (148M+195P+355T)\/1000\t\t\t\t\t<\/label>\n\t\t\t\t\t \t\t\t\t<\/div>\n\t\t\t\t\t \t\t\t<label style=\"display: none !important;\" for=\"question19_none\">Aucun<\/label>\n\t\t\t<input type=\"radio\" style=\"display: none;\" name=\"question19\" id=\"question19_none\" checked=\"checked\" value=\"\" \/>\n\t\t\t\t<\/div>\n\t<\/fieldset>\n\t<input type=\"hidden\" name=\"answer_limit_keys_19\" value=\"\" \/>\n\t\t\t\t\t\t<\/div>\n\t\t\t\t\t\t\t\t\t<div class=\"quiz_section qsm-question-wrapper question-type-0 question-section-id-22 \" data-qid=\"22\">\n\t\t\t\t\t\t<div class='mlw_qmn_new_question'>L\u2019\u00e9quation des min\u00e9raux dit que la teneur totale en min\u00e9raux par unit\u00e9 de concentr\u00e9 doit \u00eatre au maximum \u00e9gale \u00e0 la teneur garantie et s\u2019\u00e9crit : <\/div>\n\t\t\t<div class='mlw_qmn_question  qsm_remove_bold' >\n\t\t<p><\/p>\n\t<\/div>\n\t\t<fieldset>\n\t\t<legend><\/legend>\n\t<div class='qmn_radio_answers '>\n\t\t\t\t\t\t\t\t<div class=\"qmn_mc_answer_wrap  mrq_checkbox_class\" id=\"question22-1 \">\n\t\t\t\t\t\t\t\t\t\t\t<input type='radio' class='qmn_quiz_radio qmn-multiple-choice-input ' name=\"question22\" id=\"question22_1\" value=\"0\" \/>\n\t\t\t\t\t<label class=\"qsm-input-label\" for=\"question22_1\">\n\t\t\t\t\t12M+30P+64T \u2264 70\t\t\t\t\t<\/label>\n\t\t\t\t\t \t\t\t\t<\/div>\n\t\t\t\t\t\t\t\t\t\t\t<div class=\"qmn_mc_answer_wrap  mrq_checkbox_class\" id=\"question22-2 \">\n\t\t\t\t\t\t\t\t\t\t\t<input type='radio' class='qmn_quiz_radio qmn-multiple-choice-input ' name=\"question22\" id=\"question22_2\" value=\"1\" \/>\n\t\t\t\t\t<label class=\"qsm-input-label\" for=\"question22_2\">\n\t\t\t\t\t12M+30P+64T = 70\t\t\t\t\t<\/label>\n\t\t\t\t\t \t\t\t\t<\/div>\n\t\t\t\t\t\t\t\t\t\t\t<div class=\"qmn_mc_answer_wrap  mrq_checkbox_class\" id=\"question22-3 \">\n\t\t\t\t\t\t\t\t\t\t\t<input type='radio' class='qmn_quiz_radio qmn-multiple-choice-input ' name=\"question22\" id=\"question22_3\" value=\"2\" \/>\n\t\t\t\t\t<label class=\"qsm-input-label\" for=\"question22_3\">\n\t\t\t\t\t12M+30P+64T \u2265 70\t\t\t\t\t<\/label>\n\t\t\t\t\t \t\t\t\t<\/div>\n\t\t\t\t\t \t\t\t<label style=\"display: none !important;\" for=\"question22_none\">Aucun<\/label>\n\t\t\t<input type=\"radio\" style=\"display: none;\" name=\"question22\" id=\"question22_none\" checked=\"checked\" value=\"\" \/>\n\t\t\t\t<\/div>\n\t<\/fieldset>\n\t<input type=\"hidden\" name=\"answer_limit_keys_22\" value=\"\" \/>\n\t\t\t\t\t\t<\/div>\n\t\t\t\t\t\t\t\t\t<div class=\"quiz_section qsm-question-wrapper question-type-0 question-section-id-25 \" data-qid=\"25\">\n\t\t\t\t\t\t<div class='mlw_qmn_new_question'>L\u2019\u00e9quation des MAT dit que la teneur totale en MAT par unit\u00e9 de concentr\u00e9 doit \u00eatre au moins \u00e9gale \u00e0 la teneur minimale garantie et s\u2019\u00e9crit : <\/div>\n\t\t\t<div class='mlw_qmn_question  qsm_remove_bold' >\n\t\t<p><\/p>\n\t<\/div>\n\t\t<fieldset>\n\t\t<legend><\/legend>\n\t<div class='qmn_radio_answers '>\n\t\t\t\t\t\t\t\t<div class=\"qmn_mc_answer_wrap  mrq_checkbox_class\" id=\"question25-1 \">\n\t\t\t\t\t\t\t\t\t\t\t<input type='radio' class='qmn_quiz_radio qmn-multiple-choice-input ' name=\"question25\" id=\"question25_1\" value=\"0\" \/>\n\t\t\t\t\t<label class=\"qsm-input-label\" for=\"question25_1\">\n\t\t\t\t\t200*(P+M+T) \u2265 81+207+453\t\t\t\t\t<\/label>\n\t\t\t\t\t \t\t\t\t<\/div>\n\t\t\t\t\t\t\t\t\t\t\t<div class=\"qmn_mc_answer_wrap  mrq_checkbox_class\" id=\"question25-2 \">\n\t\t\t\t\t\t\t\t\t\t\t<input type='radio' class='qmn_quiz_radio qmn-multiple-choice-input ' name=\"question25\" id=\"question25_2\" value=\"1\" \/>\n\t\t\t\t\t<label class=\"qsm-input-label\" for=\"question25_2\">\n\t\t\t\t\t81M+207P+453T \u2265 200\t\t\t\t\t<\/label>\n\t\t\t\t\t \t\t\t\t<\/div>\n\t\t\t\t\t\t\t\t\t\t\t<div class=\"qmn_mc_answer_wrap  mrq_checkbox_class\" id=\"question25-3 \">\n\t\t\t\t\t\t\t\t\t\t\t<input type='radio' class='qmn_quiz_radio qmn-multiple-choice-input ' name=\"question25\" id=\"question25_3\" value=\"2\" \/>\n\t\t\t\t\t<label class=\"qsm-input-label\" for=\"question25_3\">\n\t\t\t\t\tM+T+P = 200\t\t\t\t\t<\/label>\n\t\t\t\t\t \t\t\t\t<\/div>\n\t\t\t\t\t \t\t\t<label style=\"display: none !important;\" for=\"question25_none\">Aucun<\/label>\n\t\t\t<input type=\"radio\" style=\"display: none;\" name=\"question25\" id=\"question25_none\" checked=\"checked\" value=\"\" \/>\n\t\t\t\t<\/div>\n\t<\/fieldset>\n\t<input type=\"hidden\" name=\"answer_limit_keys_25\" value=\"\" \/>\n\t\t\t\t\t\t<\/div>\n\t\t\t\t\t\t\t\t\t<div class=\"quiz_section qsm-question-wrapper question-type-0 question-section-id-28 \" data-qid=\"28\">\n\t\t\t\t\t\t<div class='mlw_qmn_new_question'>L\u2019\u00e9quation des mati\u00e8res grasses dit que la teneur totale en mati\u00e8res grasses par unit\u00e9 de concentr\u00e9 doit \u00eatre au moins \u00e9gale \u00e0 la teneur minimale garantie et s\u2019\u00e9crit : <\/div>\n\t\t\t<div class='mlw_qmn_question  qsm_remove_bold' >\n\t\t<p><\/p>\n\t<\/div>\n\t\t<fieldset>\n\t\t<legend><\/legend>\n\t<div class='qmn_radio_answers '>\n\t\t\t\t\t\t\t\t<div class=\"qmn_mc_answer_wrap  mrq_checkbox_class\" id=\"question28-1 \">\n\t\t\t\t\t\t\t\t\t\t\t<input type='radio' class='qmn_quiz_radio qmn-multiple-choice-input ' name=\"question28\" id=\"question28_1\" value=\"0\" \/>\n\t\t\t\t\t<label class=\"qsm-input-label\" for=\"question28_1\">\n\t\t\t\t\t25*(M+P+T) \u2265 37+10+19\t\t\t\t\t<\/label>\n\t\t\t\t\t \t\t\t\t<\/div>\n\t\t\t\t\t\t\t\t\t\t\t<div class=\"qmn_mc_answer_wrap  mrq_checkbox_class\" id=\"question28-2 \">\n\t\t\t\t\t\t\t\t\t\t\t<input type='radio' class='qmn_quiz_radio qmn-multiple-choice-input ' name=\"question28\" id=\"question28_2\" value=\"1\" \/>\n\t\t\t\t\t<label class=\"qsm-input-label\" for=\"question28_2\">\n\t\t\t\t\tP+M+T \u2265 25\t\t\t\t\t<\/label>\n\t\t\t\t\t \t\t\t\t<\/div>\n\t\t\t\t\t\t\t\t\t\t\t<div class=\"qmn_mc_answer_wrap  mrq_checkbox_class\" id=\"question28-3 \">\n\t\t\t\t\t\t\t\t\t\t\t<input type='radio' class='qmn_quiz_radio qmn-multiple-choice-input ' name=\"question28\" id=\"question28_3\" value=\"2\" \/>\n\t\t\t\t\t<label class=\"qsm-input-label\" for=\"question28_3\">\n\t\t\t\t\t37M+10P+19T \u2265 25\t\t\t\t\t<\/label>\n\t\t\t\t\t \t\t\t\t<\/div>\n\t\t\t\t\t \t\t\t<label style=\"display: none !important;\" for=\"question28_none\">Aucun<\/label>\n\t\t\t<input type=\"radio\" style=\"display: none;\" name=\"question28\" id=\"question28_none\" checked=\"checked\" value=\"\" \/>\n\t\t\t\t<\/div>\n\t<\/fieldset>\n\t<input type=\"hidden\" name=\"answer_limit_keys_28\" value=\"\" \/>\n\t\t\t\t\t\t<\/div>\n\t\t\t\t\t\t\t\t\t<div class=\"quiz_section qsm-question-wrapper question-type-0 question-section-id-31 \" data-qid=\"31\">\n\t\t\t\t\t\t<div class='mlw_qmn_new_question'>L\u2019\u00e9quation de la cellulose dit que la teneur totale en cellulose par unit\u00e9 de concentr\u00e9 doit \u00eatre inf\u00e9rieure ou \u00e9gale \u00e0 la teneur maximale garantie et s\u2019\u00e9crit : <\/div>\n\t\t\t<div class='mlw_qmn_question  qsm_remove_bold' >\n\t\t<p><\/p>\n\t<\/div>\n\t\t<fieldset>\n\t\t<legend><\/legend>\n\t<div class='qmn_radio_answers '>\n\t\t\t\t\t\t\t\t<div class=\"qmn_mc_answer_wrap  mrq_checkbox_class\" id=\"question31-1 \">\n\t\t\t\t\t\t\t\t\t\t\t<input type='radio' class='qmn_quiz_radio qmn-multiple-choice-input ' name=\"question31\" id=\"question31_1\" value=\"0\" \/>\n\t\t\t\t\t<label class=\"qsm-input-label\" for=\"question31_1\">\n\t\t\t\t\tP+M+T = 65\t\t\t\t\t<\/label>\n\t\t\t\t\t \t\t\t\t<\/div>\n\t\t\t\t\t\t\t\t\t\t\t<div class=\"qmn_mc_answer_wrap  mrq_checkbox_class\" id=\"question31-2 \">\n\t\t\t\t\t\t\t\t\t\t\t<input type='radio' class='qmn_quiz_radio qmn-multiple-choice-input ' name=\"question31\" id=\"question31_2\" value=\"1\" \/>\n\t\t\t\t\t<label class=\"qsm-input-label\" for=\"question31_2\">\n\t\t\t\t\t22M+52P+60T \u2265 65\t\t\t\t\t<\/label>\n\t\t\t\t\t \t\t\t\t<\/div>\n\t\t\t\t\t\t\t\t\t\t\t<div class=\"qmn_mc_answer_wrap  mrq_checkbox_class\" id=\"question31-3 \">\n\t\t\t\t\t\t\t\t\t\t\t<input type='radio' class='qmn_quiz_radio qmn-multiple-choice-input ' name=\"question31\" id=\"question31_3\" value=\"2\" \/>\n\t\t\t\t\t<label class=\"qsm-input-label\" for=\"question31_3\">\n\t\t\t\t\t22M+52P+60T \u2264 65\t\t\t\t\t<\/label>\n\t\t\t\t\t \t\t\t\t<\/div>\n\t\t\t\t\t \t\t\t<label style=\"display: none !important;\" for=\"question31_none\">Aucun<\/label>\n\t\t\t<input type=\"radio\" style=\"display: none;\" name=\"question31\" id=\"question31_none\" checked=\"checked\" value=\"\" \/>\n\t\t\t\t<\/div>\n\t<\/fieldset>\n\t<input type=\"hidden\" name=\"answer_limit_keys_31\" value=\"\" \/>\n\t\t\t\t\t\t<\/div>\n\t\t\t\t\t\t\t\t\t<div class=\"quiz_section qsm-question-wrapper question-type-0 question-section-id-34 \" data-qid=\"34\">\n\t\t\t\t\t\t<div class='mlw_qmn_new_question'>Comment \u00e9crire qu\u2019il faut que la quantit\u00e9 totale des ingr\u00e9dients fasse un kilo ? <\/div>\n\t\t\t<div class='mlw_qmn_question  qsm_remove_bold' >\n\t\t<p><\/p>\n\t<\/div>\n\t\t<fieldset>\n\t\t<legend><\/legend>\n\t<div class='qmn_radio_answers '>\n\t\t\t\t\t\t\t\t<div class=\"qmn_mc_answer_wrap  mrq_checkbox_class\" id=\"question34-1 \">\n\t\t\t\t\t\t\t\t\t\t\t<input type='radio' class='qmn_quiz_radio qmn-multiple-choice-input ' name=\"question34\" id=\"question34_1\" value=\"0\" \/>\n\t\t\t\t\t<label class=\"qsm-input-label\" for=\"question34_1\">\n\t\t\t\t\tP+M+T = 1\t\t\t\t\t<\/label>\n\t\t\t\t\t \t\t\t\t<\/div>\n\t\t\t\t\t\t\t\t\t\t\t<div class=\"qmn_mc_answer_wrap  mrq_checkbox_class\" id=\"question34-2 \">\n\t\t\t\t\t\t\t\t\t\t\t<input type='radio' class='qmn_quiz_radio qmn-multiple-choice-input ' name=\"question34\" id=\"question34_2\" value=\"1\" \/>\n\t\t\t\t\t<label class=\"qsm-input-label\" for=\"question34_2\">\n\t\t\t\t\tP = 1 ; M = 1 ; T = 1\t\t\t\t\t<\/label>\n\t\t\t\t\t \t\t\t\t<\/div>\n\t\t\t\t\t \t\t\t<label style=\"display: none !important;\" for=\"question34_none\">Aucun<\/label>\n\t\t\t<input type=\"radio\" style=\"display: none;\" name=\"question34\" id=\"question34_none\" checked=\"checked\" value=\"\" \/>\n\t\t\t\t<\/div>\n\t<\/fieldset>\n\t<input type=\"hidden\" name=\"answer_limit_keys_34\" value=\"\" \/>\n\t\t\t\t\t\t<\/div>\n\t\t\t\t\t\t\t<\/section>\n\t\t\t\t\t<input type=\"hidden\" name=\"qmn_question_list\" value=\"19Q22Q25Q28Q31Q34Q\" \/>\n\t\t\t\t\t\t\t<div id=\"mlw_error_message_bottom\" class=\"qsm-error-message qmn_error_message_section\"><\/div>\n\t\t\t\t\t<input type=\"hidden\" name=\"qmn_all_questions_count\" id=\"qmn_all_questions_count\" value=\"6\" \/>\n\t\t\t\t\t<input type=\"hidden\" name=\"total_questions\" id=\"total_questions\" value=\"6\" \/>\n\t\t\t\t\t<input type=\"hidden\" name=\"timer\" id=\"timer\" value=\"0\" \/>\n\t\t\t\t\t<input type=\"hidden\" name=\"timer_ms\" id=\"timer_ms\" value=\"0\"\/>\n\t\t\t\t\t<input type=\"hidden\" class=\"qmn_quiz_id\" name=\"qmn_quiz_id\" id=\"qmn_quiz_id\" value=\"10\" \/>\n\t\t\t\t\t<input type='hidden' name='complete_quiz' value='confirmation' \/>\n\t\t\t\t\t\t\t\t\t<\/form>\n\t\t\t\t\t\t<\/div>\n\t\t<div style=\"display: none;\" class=\"qsm-popup qsm-popup-slide\" id=\"modal-4\" aria-hidden=\"false\"><div class=\"qsm-popup__overlay\" tabindex=\"-1\" data-micromodal-close=\"\"><div class=\"qsm-popup__container qmn_quiz_container\" role=\"dialog\" aria-modal=\"true\"><div class=\"qsm-popup__content\"><img decoding=\"async\" src=\"https:\/\/www.supagro.fr\/wordpress\/modeleco\/wp-content\/plugins\/quiz-master-next\/assets\/clock.png\" alt=\"clock.png\"\/><p class=\"qsm-time-up-text\"> Time's up<\/p><\/div><footer class=\"qsm-popup__footer\"><button class=\"qsm-popup-secondary-button qmn_btn\" data-micromodal-close=\"\" aria-label=\"Close this dialog window\" onclick=\"location.reload();\">Annuler<\/button><\/footer><\/div><\/div><\/div>\n","protected":false},"excerpt":{"rendered":"<p>Dur\u00e9e : environ 10 minutes<\/p>\n","protected":false},"author":92,"featured_media":0,"parent":30,"menu_order":0,"comment_status":"closed","ping_status":"closed","template":"page-onecolumn.php","meta":{"footnotes":""},"class_list":["post-518","page","type-page","status-publish","hentry"],"_links":{"self":[{"href":"https:\/\/www.supagro.fr\/wordpress\/modeleco\/wp-json\/wp\/v2\/pages\/518","targetHints":{"allow":["GET"]}}],"collection":[{"href":"https:\/\/www.supagro.fr\/wordpress\/modeleco\/wp-json\/wp\/v2\/pages"}],"about":[{"href":"https:\/\/www.supagro.fr\/wordpress\/modeleco\/wp-json\/wp\/v2\/types\/page"}],"author":[{"embeddable":true,"href":"https:\/\/www.supagro.fr\/wordpress\/modeleco\/wp-json\/wp\/v2\/users\/92"}],"replies":[{"embeddable":true,"href":"https:\/\/www.supagro.fr\/wordpress\/modeleco\/wp-json\/wp\/v2\/comments?post=518"}],"version-history":[{"count":13,"href":"https:\/\/www.supagro.fr\/wordpress\/modeleco\/wp-json\/wp\/v2\/pages\/518\/revisions"}],"predecessor-version":[{"id":4845,"href":"https:\/\/www.supagro.fr\/wordpress\/modeleco\/wp-json\/wp\/v2\/pages\/518\/revisions\/4845"}],"up":[{"embeddable":true,"href":"https:\/\/www.supagro.fr\/wordpress\/modeleco\/wp-json\/wp\/v2\/pages\/30"}],"wp:attachment":[{"href":"https:\/\/www.supagro.fr\/wordpress\/modeleco\/wp-json\/wp\/v2\/media?parent=518"}],"curies":[{"name":"wp","href":"https:\/\/api.w.org\/{rel}","templated":true}]}}