{"id":240,"date":"2017-10-20T08:44:50","date_gmt":"2017-10-20T06:44:50","guid":{"rendered":"http:\/\/apeed-test.com\/supagro-pompe-hydraulique\/?page_id=240"},"modified":"2020-04-29T16:15:06","modified_gmt":"2020-04-29T14:15:06","slug":"volet-3-systeme-de-supervision-et-dalimentation-photovoltaique-equipements-et-ouvrages-de-regulation","status":"publish","type":"page","link":"https:\/\/www.supagro.fr\/wordpress\/supagro-halle-hydraulique\/projet-plateaux\/volet-3-systeme-de-supervision-et-dalimentation-photovoltaique-equipements-et-ouvrages-de-regulation\/","title":{"rendered":"Volet 3\u00a0: Syst\u00e8me de supervision et d\u2019alimentation photovolta\u00efque, \u00e9quipements et ouvrages de r\u00e9gulation"},"content":{"rendered":"","protected":false},"excerpt":{"rendered":"","protected":false},"author":1,"featured_media":0,"parent":65,"menu_order":3,"comment_status":"closed","ping_status":"closed","template":"","meta":{"footnotes":""},"class_list":["post-240","page","type-page","status-publish","hentry"],"_links":{"self":[{"href":"https:\/\/www.supagro.fr\/wordpress\/supagro-halle-hydraulique\/wp-json\/wp\/v2\/pages\/240","targetHints":{"allow":["GET"]}}],"collection":[{"href":"https:\/\/www.supagro.fr\/wordpress\/supagro-halle-hydraulique\/wp-json\/wp\/v2\/pages"}],"about":[{"href":"https:\/\/www.supagro.fr\/wordpress\/supagro-halle-hydraulique\/wp-json\/wp\/v2\/types\/page"}],"author":[{"embeddable":true,"href":"https:\/\/www.supagro.fr\/wordpress\/supagro-halle-hydraulique\/wp-json\/wp\/v2\/users\/1"}],"replies":[{"embeddable":true,"href":"https:\/\/www.supagro.fr\/wordpress\/supagro-halle-hydraulique\/wp-json\/wp\/v2\/comments?post=240"}],"version-history":[{"count":2,"href":"https:\/\/www.supagro.fr\/wordpress\/supagro-halle-hydraulique\/wp-json\/wp\/v2\/pages\/240\/revisions"}],"predecessor-version":[{"id":246,"href":"https:\/\/www.supagro.fr\/wordpress\/supagro-halle-hydraulique\/wp-json\/wp\/v2\/pages\/240\/revisions\/246"}],"up":[{"embeddable":true,"href":"https:\/\/www.supagro.fr\/wordpress\/supagro-halle-hydraulique\/wp-json\/wp\/v2\/pages\/65"}],"wp:attachment":[{"href":"https:\/\/www.supagro.fr\/wordpress\/supagro-halle-hydraulique\/wp-json\/wp\/v2\/media?parent=240"}],"curies":[{"name":"wp","href":"https:\/\/api.w.org\/{rel}","templated":true}]}}